{"id":24310,"date":"2020-12-18T12:00:17","date_gmt":"2020-12-18T11:00:17","guid":{"rendered":"https:\/\/www.interbusinesschamber.com\/produit\/serum-royal\/"},"modified":"2020-12-28T16:27:38","modified_gmt":"2020-12-28T15:27:38","slug":"serum-royal","status":"publish","type":"product","link":"https:\/\/www.sopha-sahara.com\/en\/product\/serum-royal\/","title":{"rendered":"S\u00c9RUM ROYAL"},"content":{"rendered":"<article id=\"514\" class=\"posology\">\n<h4 class=\"notice cms\">UTILISATION<\/h4>\n<div class=\"notice cms\">1 ampoule de Serum Royal \u00e0 diluer le matin dans un verre d'eau ou de jus de fruit (200 ml).<\/p>\n<p>Du fait de sa forte concentration, l'\u00e9coulement de la formule peut \u00eatre plus ou moins facile. Afin d'\u00e9viter la chute \u00e9ventuelle de d\u00e9bris d'ampoule dans le liquide, ne pas casser l'ampoule au dessus du verre.<\/p><\/div>\n<\/article>\n<article class=\"actif\">\n<header>\n<h4 id=\"actifs\">LES ACTIFS<\/h4>\n<\/header>\n<div class=\"content\">\n<div class=\"items\">\n<div class=\"text cms\">\n<p>Serum Royal est compos\u00e9 de :<br \/>- Gel\u00e9e Royale (1500mg),<br \/>- Pollen ( 2500mg),<br \/>- Miel ( 2000mg ),<br \/>- Propolis (100mg)<br \/>4 ingr\u00e9dients qui agissent en synergie optimale pour booster votre immunit\u00e9.<\/p>\n<\/div>\n<\/div>\n<\/div>\n<\/article>","protected":false},"excerpt":{"rendered":"<article id=\"514\" class=\"posology\">\n<div class=\"notice cms\">\n<div class=\"text\">\n<p>S\u00e9rum Royal offre la synergie des quatre produits de la ruche, hautement dos\u00e9s pour se prot\u00e9ger (ou r\u00e9cup\u00e9rer) des coups de froids de l&rsquo;hiver.<\/p>\n<\/div>\n<\/div>\n<\/article>","protected":false},"featured_media":24387,"template":"","meta":{"arc_restricted_post":false},"product_cat":[49,337],"product_tag":[],"_links":{"self":[{"href":"https:\/\/www.sopha-sahara.com\/en\/wp-json\/wp\/v2\/product\/24310"}],"collection":[{"href":"https:\/\/www.sopha-sahara.com\/en\/wp-json\/wp\/v2\/product"}],"about":[{"href":"https:\/\/www.sopha-sahara.com\/en\/wp-json\/wp\/v2\/types\/product"}],"wp:featuredmedia":[{"embeddable":true,"href":"https:\/\/www.sopha-sahara.com\/en\/wp-json\/wp\/v2\/media\/24387"}],"wp:attachment":[{"href":"https:\/\/www.sopha-sahara.com\/en\/wp-json\/wp\/v2\/media?parent=24310"}],"wp:term":[{"taxonomy":"product_cat","embeddable":true,"href":"https:\/\/www.sopha-sahara.com\/en\/wp-json\/wp\/v2\/product_cat?post=24310"},{"taxonomy":"product_tag","embeddable":true,"href":"https:\/\/www.sopha-sahara.com\/en\/wp-json\/wp\/v2\/product_tag?post=24310"}],"curies":[{"name":"wp","href":"https:\/\/api.w.org\/{rel}","templated":true}]}}