{"id":24309,"date":"2020-12-18T12:00:17","date_gmt":"2020-12-18T11:00:17","guid":{"rendered":"https:\/\/www.interbusinesschamber.com\/produit\/gelee-royale-bio-2000mg\/"},"modified":"2020-12-28T16:18:43","modified_gmt":"2020-12-28T15:18:43","slug":"gelee-royale-bio-2000mg","status":"publish","type":"product","link":"https:\/\/www.sopha-sahara.com\/en\/product\/gelee-royale-bio-2000mg\/","title":{"rendered":"GEL\u00c9E ROYALE BIO 2000MG"},"content":{"rendered":"<article id=\"79\" class=\"posology\">\n<div class=\"notice cms\">\n<h4>UTILISATION<\/h4>\n<p>Prendre 1 ampoule de Gel\u00e9e Royale BIO 2000mg a boire tous les matins, pure ou dilu\u00e9e dans un verre d'eau. Du fait de sa forte concentration, il est normal que l'\u00e9coulement de la formule soit plus ou moins facile. Agiter avant l'emploi. Programme de 20 jours.<\/p>\n<\/div>\n<\/article>\n<article class=\"actif\">\n<header>\n<h4 id=\"actifs\">LES ACTIFS<\/h4>\n<\/header>\n<div class=\"content\">\n<div class=\"items\">\n<div class=\"text cms\">\n<p><strong>La gel\u00e9e royale Bio<\/strong><\/p>\n<p>Fruit d'une savante alchimie entre le travail des abeilles et le monde v\u00e9g\u00e9tal, la gel\u00e9e royale est un v\u00e9ritable concentr\u00e9 nutritif destin\u00e9 \u00e0 nourrir la reine, lui offrant une incroyable long\u00e9vit\u00e9. La gel\u00e9e royale est reconnu pour son action sur l'immunit\u00e9.<\/p>\n<p><strong>Le miel Bio<\/strong><\/p>\n<p>Substance produite par les abeilles \u00e0 partir de nectar ou miellat, le miel est connu depuis l\u2019Antiquit\u00e9 pour ses multiples vertus. Il est reconnu pour ses propri\u00e9t\u00e9s fortifiantes sur l'organisme.<br \/>\u00a0<\/p>\n<\/div>\n<\/div>\n<\/div>\n<\/article>","protected":false},"excerpt":{"rendered":"<p>Gel\u00e9e Royale BIO 2000mg est la solution naturelle pour apporter un coup de pouce \u00e0 votre organisme. Sa formule Bio ultra-concentr\u00e9e et ultra-dos\u00e9e<sup>(1)<\/sup>\u00a0associe deux actifs naturels : la gel\u00e9e royale Bio et le miel Bio.<\/p>","protected":false},"featured_media":24376,"template":"","meta":{"arc_restricted_post":false},"product_cat":[49,337],"product_tag":[],"_links":{"self":[{"href":"https:\/\/www.sopha-sahara.com\/en\/wp-json\/wp\/v2\/product\/24309"}],"collection":[{"href":"https:\/\/www.sopha-sahara.com\/en\/wp-json\/wp\/v2\/product"}],"about":[{"href":"https:\/\/www.sopha-sahara.com\/en\/wp-json\/wp\/v2\/types\/product"}],"wp:featuredmedia":[{"embeddable":true,"href":"https:\/\/www.sopha-sahara.com\/en\/wp-json\/wp\/v2\/media\/24376"}],"wp:attachment":[{"href":"https:\/\/www.sopha-sahara.com\/en\/wp-json\/wp\/v2\/media?parent=24309"}],"wp:term":[{"taxonomy":"product_cat","embeddable":true,"href":"https:\/\/www.sopha-sahara.com\/en\/wp-json\/wp\/v2\/product_cat?post=24309"},{"taxonomy":"product_tag","embeddable":true,"href":"https:\/\/www.sopha-sahara.com\/en\/wp-json\/wp\/v2\/product_tag?post=24309"}],"curies":[{"name":"wp","href":"https:\/\/api.w.org\/{rel}","templated":true}]}}