{"id":24308,"date":"2020-12-18T12:00:17","date_gmt":"2020-12-18T11:00:17","guid":{"rendered":"https:\/\/www.interbusinesschamber.com\/produit\/forte-immunite\/"},"modified":"2020-12-28T16:16:15","modified_gmt":"2020-12-28T15:16:15","slug":"forte-immunite","status":"publish","type":"product","link":"https:\/\/www.sopha-sahara.com\/en\/product\/forte-immunite\/","title":{"rendered":"FORT\u00c9 IMMUNIT\u00c9"},"content":{"rendered":"<article id=\"714\" class=\"posology\">\n<h4 class=\"notice cms\">UTILISATION<\/h4>\n<div class=\"notice cms\">Prendre 2 comprim\u00e9s par jour avec un grand verre d\u2019eau (200 ml).<\/div>\n<\/article>\n<article class=\"actif\">\n<header>\n<h4 id=\"actifs\">LES ACTIFS<\/h4>\n<\/header>\n<div class=\"content\">\n<div class=\"items\">\n<div class=\"text cms\">\n<p>D\u00e9velopp\u00e9 par le d\u00e9partement Recherche et D\u00e9veloppement des Laboratoires Fort\u00e9 Pharma, Fort\u00e9 Immunit\u00e9 concentre le meilleur de la nature associ\u00e9 \u00e0 des vitamines et min\u00e9raux pour vous aider \u00e0 soutenir vos d\u00e9fenses immunitaires:<\/p>\n<p>- De l\u2019Echinac\u00e9e pourpre, hautement dos\u00e9e (1400 mg en \u00e9quivalent plante) pour aider \u00e0 soutenir l\u2019immunit\u00e9,<br \/>- De l\u2019Eleuth\u00e9rocoque, de la Propolis et du Shiitak\u00e9 connus pour leurs vertus,<br \/>- Des Vitamines C, D et du Zinc qui contribuent au fonctionnement normal du syst\u00e8me immunitaire. Soutenez vos d\u00e9fenses immunitaires avec Fort\u00e9 Immunit\u00e9 !<br \/>\u00a0<\/p>\n<\/div>\n<\/div>\n<\/div>\n<\/article>","protected":false},"excerpt":{"rendered":"<div class=\"text\">\n<p>Lors des changements de saison et particuli\u00e8rement \u00e0 l\u2019approche de l\u2019hiver, le syst\u00e8me immunitaire, v\u00e9ritable bouclier de notre organisme, peut \u00eatre mis \u00e0 rude \u00e9preuve. Renforcez votre immunit\u00e9 avec Fort\u00e9 Immunit\u00e9 !<\/p>\n<\/div>","protected":false},"featured_media":24356,"template":"","meta":{"arc_restricted_post":false},"product_cat":[49,337],"product_tag":[],"_links":{"self":[{"href":"https:\/\/www.sopha-sahara.com\/en\/wp-json\/wp\/v2\/product\/24308"}],"collection":[{"href":"https:\/\/www.sopha-sahara.com\/en\/wp-json\/wp\/v2\/product"}],"about":[{"href":"https:\/\/www.sopha-sahara.com\/en\/wp-json\/wp\/v2\/types\/product"}],"wp:featuredmedia":[{"embeddable":true,"href":"https:\/\/www.sopha-sahara.com\/en\/wp-json\/wp\/v2\/media\/24356"}],"wp:attachment":[{"href":"https:\/\/www.sopha-sahara.com\/en\/wp-json\/wp\/v2\/media?parent=24308"}],"wp:term":[{"taxonomy":"product_cat","embeddable":true,"href":"https:\/\/www.sopha-sahara.com\/en\/wp-json\/wp\/v2\/product_cat?post=24308"},{"taxonomy":"product_tag","embeddable":true,"href":"https:\/\/www.sopha-sahara.com\/en\/wp-json\/wp\/v2\/product_tag?post=24308"}],"curies":[{"name":"wp","href":"https:\/\/api.w.org\/{rel}","templated":true}]}}