{"id":24307,"date":"2020-12-18T12:00:17","date_gmt":"2020-12-18T11:00:17","guid":{"rendered":"https:\/\/www.interbusinesschamber.com\/produit\/dormicalm\/"},"modified":"2020-12-28T16:12:16","modified_gmt":"2020-12-28T15:12:16","slug":"dormicalm","status":"publish","type":"product","link":"https:\/\/www.sopha-sahara.com\/en\/product\/dormicalm\/","title":{"rendered":"DORMICALM"},"content":{"rendered":"<article id=\"2\" class=\"posology accordeon\">\n<div class=\"notice cms\">\n<h4>\u200bUTILISATION<\/h4>\n<p>R\u00e9serv\u00e9 \u00e0 l\u2019adulte et \u00e0 l\u2019adolescent de plus de 12 ans. Chez l'enfant un trouble du sommeil n\u00e9cessite de consulter votre m\u00e9decin. Voie orale. Avaler les comprim\u00e9s avec un peu de liquide. Les comprim\u00e9s ne doivent pas \u00eatre croqu\u00e9s.<\/p>\n<ul>\n<li>Pour soulager les<strong>\u00a0troubles mineurs du sommeil<\/strong>\u00a0: prendre 2 comprim\u00e9s une demi-heure avant le coucher, et si n\u00e9cessaire 2 comprim\u00e9s suppl\u00e9mentaires peuvent \u00eatre pris.<\/li>\n<li>Pour soulager une\u00a0<strong>tension nerveuse l\u00e9g\u00e8re<\/strong>\u00a0: prendre 1 comprim\u00e9 trois fois par jour, la dose maximale est de 6 comprim\u00e9s par jour.<\/li>\n<\/ul>\n<p>Comme les effets du traitement peuvent ne pas appara\u00eetre imm\u00e9diatement, Dormicalm comprim\u00e9 enrob\u00e9 doit \u00eatre pris pendant au moins 2 semaines sans interruption.\u00a0<br \/>La dur\u00e9e du traitement maximum est limit\u00e9e \u00e0 1 mois. Si les sympt\u00f4mes s\u2019aggravent ou persistent apr\u00e8s 2 semaines, demandez conseil \u00e0 votre m\u00e9decin.<\/p>\n<\/div>\n<\/article>\n<article class=\"simple\">\n<header>\n<h4 id=\"actifs\">COMPOSITION<\/h4>\n<\/header>\n<div class=\"text\">\n<p>Substances actives pour un comprim\u00e9 enrob\u00e9\u00a0:<\/p>\n<p>- Val\u00e9riane<em>\u00a0(Valeriana officinalis L.)\u00a0<\/em>(extrait sec de racine de) .......................... 125 mg<\/p>\n<p>- M\u00e9lisse\u00a0<em>(Melissa officinalis L.)<\/em>\u00a0(extrait sec de feuille de) .............................. 112,5 mg<\/p>\n<p>- Passiflore\u00a0<em>(Passiflora incarnata L.)<\/em>(extrait sec des parties a\u00e9riennes de) ....... 80 mg<br \/>_______________________________________________________________________<\/p>\n<p>- Excipients \u00e0 effet notoire\u00a0: saccharose, glucose<\/p>\n<\/div>\n<\/article>","protected":false},"excerpt":{"rendered":"<p>M\u00e9dicament traditionnel \u00e0 base de plantes utilis\u00e9 pour soulager la tension nerveuse l\u00e9g\u00e8re et les troubles mineurs du sommeil. Son usage est r\u00e9serv\u00e9 \u00e0 l\u2019indication sp\u00e9cifi\u00e9e sur la base exclusive de l\u2019anciennet\u00e9 d\u2019usage.<br \/>M\u00e9dicament pas avant 12 ans.<br \/>Chez l\u2019enfant un trouble du sommeil n\u00e9cessite de consulter votre m\u00e9decin.<br \/>Lisez attentivement la notice.<br \/>Demandez conseil \u00e0 votre pharmacien. Si les sympt\u00f4mes persistent, consultez votre m\u00e9decin.<\/p>","protected":false},"featured_media":24346,"template":"","meta":{"arc_restricted_post":false},"product_cat":[49,337],"product_tag":[],"_links":{"self":[{"href":"https:\/\/www.sopha-sahara.com\/en\/wp-json\/wp\/v2\/product\/24307"}],"collection":[{"href":"https:\/\/www.sopha-sahara.com\/en\/wp-json\/wp\/v2\/product"}],"about":[{"href":"https:\/\/www.sopha-sahara.com\/en\/wp-json\/wp\/v2\/types\/product"}],"wp:featuredmedia":[{"embeddable":true,"href":"https:\/\/www.sopha-sahara.com\/en\/wp-json\/wp\/v2\/media\/24346"}],"wp:attachment":[{"href":"https:\/\/www.sopha-sahara.com\/en\/wp-json\/wp\/v2\/media?parent=24307"}],"wp:term":[{"taxonomy":"product_cat","embeddable":true,"href":"https:\/\/www.sopha-sahara.com\/en\/wp-json\/wp\/v2\/product_cat?post=24307"},{"taxonomy":"product_tag","embeddable":true,"href":"https:\/\/www.sopha-sahara.com\/en\/wp-json\/wp\/v2\/product_tag?post=24307"}],"curies":[{"name":"wp","href":"https:\/\/api.w.org\/{rel}","templated":true}]}}