{"id":24306,"date":"2020-12-18T12:00:16","date_gmt":"2020-12-18T11:00:16","guid":{"rendered":"https:\/\/www.interbusinesschamber.com\/produit\/forte-stress-flash\/"},"modified":"2020-12-28T16:11:09","modified_gmt":"2020-12-28T15:11:09","slug":"forte-stress-flash","status":"publish","type":"product","link":"https:\/\/www.sopha-sahara.com\/en\/product\/forte-stress-flash\/","title":{"rendered":"FORT\u00c9 STRESS FLASH"},"content":{"rendered":"<article id=\"377\" class=\"posology\">\n<h4 class=\"notice cms\">UTILISATION<\/h4>\n<div class=\"notice cms\">Prendre 3 \u00e0 6 pulv\u00e9risations avant un \u00e9v\u00e8nement stressant ou apr\u00e8s un stress r\u00e9cent.<br \/>A renouveler si n\u00e9cessaire (maximum 4 fois par jour).<\/div>\n<\/article>\n<article class=\"actif\">\n<header>\n<h4 id=\"actifs\">LES ACTIFS<\/h4>\n<\/header>\n<div class=\"content\">\n<div class=\"items\">\n<div class=\"text cms\">\n<p>R\u00e9union importante? Entretien d\u2019embauche? Comp\u00e9tition? Examen? Prise de parole en public? Toutes ces situations provoquent souvent trac, mont\u00e9e de stress ou nervosit\u00e9. Gr\u00e2ce \u00e0 la synergie de ses actifs, Fort\u00e9 Stress Flash deviendra votre alli\u00e9 principal pour affronter les situations stressantes.<br \/>La Rhodiola Rosea aide l\u2019organisme \u00e0 s\u2019adapter au stress. Elle contribue \u00e0 une activit\u00e9 mentale et cognitive optimale, permettant ainsi de surmonter au mieux les situations stressantes<sup>(1)<\/sup>.<br \/>Le Coquelicot est quant \u00e0 lui reconnu pour ses propri\u00e9t\u00e9s relaxantes.<br \/>Enfin, la vitamine B3 vient compl\u00e9ter cette formule en contribuant au fonctionnement normal du syst\u00e8me nerveux et en favorisant des fonctions psychologiques normales.<br \/>\u00a0<\/p>\n<\/div>\n<\/div>\n<\/div>\n<\/article>","protected":false},"excerpt":{"rendered":"<div class=\"text\">\n<p>Luttez contre le trac ou le stress passager gr\u00e2ce \u00e0 la formule de Fort\u00e9 Stress Flash, association de Rhodiola et Coquelicot, deux plantes de r\u00e9f\u00e9rence reconnues pour leur action contre le stress.<\/p>\n<\/div>","protected":false},"featured_media":24368,"template":"","meta":{"arc_restricted_post":false},"product_cat":[49,337],"product_tag":[],"_links":{"self":[{"href":"https:\/\/www.sopha-sahara.com\/en\/wp-json\/wp\/v2\/product\/24306"}],"collection":[{"href":"https:\/\/www.sopha-sahara.com\/en\/wp-json\/wp\/v2\/product"}],"about":[{"href":"https:\/\/www.sopha-sahara.com\/en\/wp-json\/wp\/v2\/types\/product"}],"wp:featuredmedia":[{"embeddable":true,"href":"https:\/\/www.sopha-sahara.com\/en\/wp-json\/wp\/v2\/media\/24368"}],"wp:attachment":[{"href":"https:\/\/www.sopha-sahara.com\/en\/wp-json\/wp\/v2\/media?parent=24306"}],"wp:term":[{"taxonomy":"product_cat","embeddable":true,"href":"https:\/\/www.sopha-sahara.com\/en\/wp-json\/wp\/v2\/product_cat?post=24306"},{"taxonomy":"product_tag","embeddable":true,"href":"https:\/\/www.sopha-sahara.com\/en\/wp-json\/wp\/v2\/product_tag?post=24306"}],"curies":[{"name":"wp","href":"https:\/\/api.w.org\/{rel}","templated":true}]}}