{"id":24305,"date":"2020-12-18T12:00:16","date_gmt":"2020-12-18T11:00:16","guid":{"rendered":"https:\/\/www.interbusinesschamber.com\/produit\/memorex\/"},"modified":"2020-12-28T16:07:24","modified_gmt":"2020-12-28T15:07:24","slug":"memorex","status":"publish","type":"product","link":"https:\/\/www.sopha-sahara.com\/en\/product\/memorex\/","title":{"rendered":"MEMOREX"},"content":{"rendered":"<article id=\"67\" class=\"posology\">\n<div class=\"notice cms\">\n<h4>UTILISATION<\/h4>\n<p>Prendre 1 g\u00e9lule M\u00e9morex par jour, le matin au petit-d\u00e9jeuner, avec un grand verre d'eau.<br \/>Format de 30 jours \u00e0 renouveler si n\u00e9cessaire.<\/p>\n<p>M\u00e9morex existe aussi en format 2 mois.<\/p>\n<\/div>\n<\/article>\n<article class=\"actif\">\n<header>\n<h4 id=\"actifs\">LES ACTIFS<\/h4>\n<\/header>\n<div class=\"content\">\n<div class=\"items\">\n<div class=\"text cms\">\n<div>M\u00e9morex optimise le tonus intellectuel, gr\u00e2ce \u00e0 une formule originale et compl\u00e8te contenant :<\/div>\n<ul>\n<li>Un complexe de vitamines et min\u00e9raux\u00a0 essentiels au bon fonctionnement\u00a0 c\u00e9r\u00e9bral :\u00a0 les vitamines B1, B2, B3, B5, B6 et C, associ\u00e9es \u00e0 du Magn\u00e9sium, du Fer, du Zinc et du Cuivre;<\/li>\n<li>Des actifs d\u2019origine v\u00e9g\u00e9tale pour optimiser les performances intellectuelles :\u00a0 le Ginseng quinquefolius, commun\u00e9ment appel\u00e9 ginseng am\u00e9ricain et la Rhodiola rosea, qui aide \u00e0 r\u00e9duire les effets du stress et \u00e0 retrouver naturellement une vivacit\u00e9 intellectuelle.<\/li>\n<\/ul>\n<\/div>\n<\/div>\n<\/div>\n<\/article>","protected":false},"excerpt":{"rendered":"<article class=\"simple\">\n<header>\n<div class=\"cms\">\n<p>La m\u00e9morisation est un processus complexe et sensisble aux interf\u00e9rences : fatigue physique, stress, travail mental excessif&#8230; Gr\u00e2ce \u00e0 sa formule compl\u00e8te, M\u00e9morex vous aide \u00e0 stimuler la m\u00e9morisation et optimiser la concentration.<\/p>\n<\/div>\n<\/header>\n<\/article>","protected":false},"featured_media":24382,"template":"","meta":{"arc_restricted_post":false},"product_cat":[49,337],"product_tag":[],"_links":{"self":[{"href":"https:\/\/www.sopha-sahara.com\/en\/wp-json\/wp\/v2\/product\/24305"}],"collection":[{"href":"https:\/\/www.sopha-sahara.com\/en\/wp-json\/wp\/v2\/product"}],"about":[{"href":"https:\/\/www.sopha-sahara.com\/en\/wp-json\/wp\/v2\/types\/product"}],"wp:featuredmedia":[{"embeddable":true,"href":"https:\/\/www.sopha-sahara.com\/en\/wp-json\/wp\/v2\/media\/24382"}],"wp:attachment":[{"href":"https:\/\/www.sopha-sahara.com\/en\/wp-json\/wp\/v2\/media?parent=24305"}],"wp:term":[{"taxonomy":"product_cat","embeddable":true,"href":"https:\/\/www.sopha-sahara.com\/en\/wp-json\/wp\/v2\/product_cat?post=24305"},{"taxonomy":"product_tag","embeddable":true,"href":"https:\/\/www.sopha-sahara.com\/en\/wp-json\/wp\/v2\/product_tag?post=24305"}],"curies":[{"name":"wp","href":"https:\/\/api.w.org\/{rel}","templated":true}]}}