{"id":24304,"date":"2020-12-18T12:00:16","date_gmt":"2020-12-18T11:00:16","guid":{"rendered":"https:\/\/www.interbusinesschamber.com\/produit\/melatonine-1000\/"},"modified":"2020-12-28T16:06:00","modified_gmt":"2020-12-28T15:06:00","slug":"melatonine-1000","status":"publish","type":"product","link":"https:\/\/www.sopha-sahara.com\/en\/product\/melatonine-1000\/","title":{"rendered":"MELATONINE 1000"},"content":{"rendered":"<article id=\"64\" class=\"posology\">\n<div class=\"notice cms\">\n<h4>UTILISATION<\/h4>\n<ul>\n<li><strong>En cas de difficult\u00e9s \u00e0 vous endormir<\/strong>\u00a0: prendre 1 comprim\u00e9 par jour avec un verre d\u2019eau, au moment du coucher.\u00a0<\/li>\n<li><strong>En cas de d\u00e9calage horaire<\/strong>\u00a0: prendre 1 comprim\u00e9 par jour avec un verre d\u2019eau, au moment du coucher, d\u00e8s le premier jour de votre voyage et durant les jours qui suivent, jusqu\u2019\u00e0 ce que les effets du d\u00e9calage horaire ne se fassent plus ressentir.<\/li>\n<\/ul>\n<\/div>\n<\/article>\n<article class=\"actif\">\n<header>\n<h4 id=\"actifs\">LES ACTIFS<\/h4>\n<\/header>\n<div class=\"content\">\n<div class=\"items\">\n<div class=\"text cms\">\n<p>1mg de m\u00e9latonine.<br \/>La m\u00e9latonine contribue \u00e0 r\u00e9duire le temps d\u2019endormissement et \u00e0 att\u00e9nuer les effets du d\u00e9calage horaire (jet-lag). Un format nomade vous permet de transporter facilement M\u00e9latonine 1000 durant vos voyages.<br \/>Sans accoutumance.<\/p>\n<\/div>\n<\/div>\n<\/div>\n<\/article>","protected":false},"excerpt":{"rendered":"<p>DIFFICULT\u00c9S \u00c0 S&rsquo;ENDORMIR, LONG VOYAGE EN PERSPECTIVE<\/p>\n<p>&nbsp;<\/p>","protected":false},"featured_media":24379,"template":"","meta":{"arc_restricted_post":false},"product_cat":[49,337],"product_tag":[],"_links":{"self":[{"href":"https:\/\/www.sopha-sahara.com\/en\/wp-json\/wp\/v2\/product\/24304"}],"collection":[{"href":"https:\/\/www.sopha-sahara.com\/en\/wp-json\/wp\/v2\/product"}],"about":[{"href":"https:\/\/www.sopha-sahara.com\/en\/wp-json\/wp\/v2\/types\/product"}],"wp:featuredmedia":[{"embeddable":true,"href":"https:\/\/www.sopha-sahara.com\/en\/wp-json\/wp\/v2\/media\/24379"}],"wp:attachment":[{"href":"https:\/\/www.sopha-sahara.com\/en\/wp-json\/wp\/v2\/media?parent=24304"}],"wp:term":[{"taxonomy":"product_cat","embeddable":true,"href":"https:\/\/www.sopha-sahara.com\/en\/wp-json\/wp\/v2\/product_cat?post=24304"},{"taxonomy":"product_tag","embeddable":true,"href":"https:\/\/www.sopha-sahara.com\/en\/wp-json\/wp\/v2\/product_tag?post=24304"}],"curies":[{"name":"wp","href":"https:\/\/api.w.org\/{rel}","templated":true}]}}