{"id":24303,"date":"2020-12-18T12:00:16","date_gmt":"2020-12-18T11:00:16","guid":{"rendered":"https:\/\/www.interbusinesschamber.com\/produit\/melatonine-1900-spray\/"},"modified":"2020-12-28T15:59:20","modified_gmt":"2020-12-28T14:59:20","slug":"melatonine-1900-spray","status":"publish","type":"product","link":"https:\/\/www.sopha-sahara.com\/en\/product\/melatonine-1900-spray\/","title":{"rendered":"M\u00c9LATONINE 1900 SPRAY"},"content":{"rendered":"<article id=\"660\" class=\"posology\">\n<h4 class=\"notice cms\">UTILISATION<\/h4>\n<div class=\"notice cms\">En cas de r\u00e9veils nocturnes ou de difficult\u00e9s \u00e0 vous endormir : 4 \u00e0 6 pulv\u00e9risations buccales par jour.<br \/>En cas de d\u00e9calage horaire : 2 \u00e0 6 pulv\u00e9risations buccales par jour. Agitez avant emploi.<\/div>\n<\/article>\n<article class=\"actif\">\n<header>\n<h4 id=\"actifs\">LES ACTIFS<\/h4>\n<\/header>\n<div class=\"content\">\n<div class=\"items\">\n<div class=\"text cms\">\n<p>Un format spray nomade, pratique et sans ajout d\u2019eau \u00e0 base de m\u00e9latonine pour favoriser un endormissement plus rapide<sup>(1)<\/sup>, et att\u00e9nuer les effets du d\u00e9calage horaire<sup>(2)<\/sup>.<\/p>\n<p>Le coquelicot et la m\u00e9lisse compl\u00e8tent la formule.<\/p>\n<\/div>\n<\/div>\n<\/div>\n<\/article>","protected":false},"excerpt":{"rendered":"<p>LA SOLUTION PRATIQUE ET NATURELLE POUR BIEN DORMIR ! SANS ACCOUTUMANCE.<\/p>","protected":false},"featured_media":24381,"template":"","meta":{"arc_restricted_post":false},"product_cat":[49,337],"product_tag":[],"_links":{"self":[{"href":"https:\/\/www.sopha-sahara.com\/en\/wp-json\/wp\/v2\/product\/24303"}],"collection":[{"href":"https:\/\/www.sopha-sahara.com\/en\/wp-json\/wp\/v2\/product"}],"about":[{"href":"https:\/\/www.sopha-sahara.com\/en\/wp-json\/wp\/v2\/types\/product"}],"wp:featuredmedia":[{"embeddable":true,"href":"https:\/\/www.sopha-sahara.com\/en\/wp-json\/wp\/v2\/media\/24381"}],"wp:attachment":[{"href":"https:\/\/www.sopha-sahara.com\/en\/wp-json\/wp\/v2\/media?parent=24303"}],"wp:term":[{"taxonomy":"product_cat","embeddable":true,"href":"https:\/\/www.sopha-sahara.com\/en\/wp-json\/wp\/v2\/product_cat?post=24303"},{"taxonomy":"product_tag","embeddable":true,"href":"https:\/\/www.sopha-sahara.com\/en\/wp-json\/wp\/v2\/product_tag?post=24303"}],"curies":[{"name":"wp","href":"https:\/\/api.w.org\/{rel}","templated":true}]}}