{"id":24302,"date":"2020-12-18T12:00:15","date_gmt":"2020-12-18T11:00:15","guid":{"rendered":"https:\/\/www.interbusinesschamber.com\/produit\/melatonine-1900-flash\/"},"modified":"2020-12-28T15:58:13","modified_gmt":"2020-12-28T14:58:13","slug":"melatonine-1900-flash","status":"publish","type":"product","link":"https:\/\/www.sopha-sahara.com\/en\/product\/melatonine-1900-flash\/","title":{"rendered":"M\u00c9LATONINE 1900 FLASH"},"content":{"rendered":"<p>UTILISATION<\/p>\n<article id=\"522\" class=\"posology\">\n<div class=\"notice cms\">\n<ul>\n<li>En cas de difficult\u00e9s \u00e0 vous endormir : prendre 1 comprim\u00e9 par jour \u00e0 laisser fondre sous la langue, sans ajout d\u2019eau, au moment du coucher.<\/li>\n<li>En cas de d\u00e9calage horaire : 1 comprim\u00e9 par jour \u00e0 laisser fondre sous la langue, sans ajout d\u2019eau, au moment du coucher, d\u00e8s le premier jour de votre voyage et durant les jours qui suivent, jusqu\u2019\u00e0 ce que les effets du d\u00e9calage horaire ne se fassent plus ressentir.<\/li>\n<\/ul>\n<\/div>\n<\/article>\n<article class=\"actif\">\n<header>\n<h4 id=\"actifs\">LES ACTIFS<\/h4>\n<\/header>\n<div class=\"content\">\n<div class=\"items\">\n<div class=\"text cms\">\n<p>1,9 mg de m\u00e9latonine.<br \/>La m\u00e9latonine contribue \u00e0 r\u00e9duire le temps d\u2019endormissement(1) et \u00e0 att\u00e9nuer les effets du d\u00e9calage horaire(2) (jet-lag).<\/p>\n<p>Sans accoutumance.<br \/>\u00a0<br \/>Go\u00fbt vanille.<\/p>\n<h6>\u00a0<\/h6>\n<\/div>\n<\/div>\n<\/div>\n<\/article>","protected":false},"excerpt":{"rendered":"<p>DOSAGE FORT, PRISE SANS EAU POUR UNE ACTION RAPIDE<\/p>\n<p>&nbsp;<\/p>","protected":false},"featured_media":24380,"template":"","meta":{"arc_restricted_post":false},"product_cat":[49,337],"product_tag":[],"_links":{"self":[{"href":"https:\/\/www.sopha-sahara.com\/en\/wp-json\/wp\/v2\/product\/24302"}],"collection":[{"href":"https:\/\/www.sopha-sahara.com\/en\/wp-json\/wp\/v2\/product"}],"about":[{"href":"https:\/\/www.sopha-sahara.com\/en\/wp-json\/wp\/v2\/types\/product"}],"wp:featuredmedia":[{"embeddable":true,"href":"https:\/\/www.sopha-sahara.com\/en\/wp-json\/wp\/v2\/media\/24380"}],"wp:attachment":[{"href":"https:\/\/www.sopha-sahara.com\/en\/wp-json\/wp\/v2\/media?parent=24302"}],"wp:term":[{"taxonomy":"product_cat","embeddable":true,"href":"https:\/\/www.sopha-sahara.com\/en\/wp-json\/wp\/v2\/product_cat?post=24302"},{"taxonomy":"product_tag","embeddable":true,"href":"https:\/\/www.sopha-sahara.com\/en\/wp-json\/wp\/v2\/product_tag?post=24302"}],"curies":[{"name":"wp","href":"https:\/\/api.w.org\/{rel}","templated":true}]}}