{"id":24301,"date":"2020-12-18T12:00:15","date_gmt":"2020-12-18T11:00:15","guid":{"rendered":"https:\/\/www.interbusinesschamber.com\/produit\/forte-stress-24h\/"},"modified":"2020-12-28T15:57:01","modified_gmt":"2020-12-28T14:57:01","slug":"forte-stress-24h","status":"publish","type":"product","link":"https:\/\/www.sopha-sahara.com\/en\/product\/forte-stress-24h\/","title":{"rendered":"FORT\u00c9 STRESS 24H"},"content":{"rendered":"<article class=\"simple\">\n<header>\n<div class=\"text\">\n<h4>UTILISATION<\/h4>\n<\/div>\n<\/header>\n<\/article>\n<article id=\"571\" class=\"posology\">\n<div class=\"notice cms\">1 comprim\u00e9 bicouche de Fort\u00e9 Stress 24h le matin avec un grand verre d'eau (200ml).<br \/>Programme de 15 jours renouvelable.<\/div>\n<\/article>\n<article class=\"actif\">\n<header>\n<h4 id=\"actifs\">LES ACTIFS<\/h4>\n<\/header>\n<div class=\"content\">\n<div class=\"items\">\n<div class=\"text cms\">\n<p>Gr\u00e2ce \u00e0 son comprim\u00e9 bicouche, Fort\u00e9 Stress 24h agit en deux temps :<\/p>\n<p>1- Un effet imm\u00e9diat pour d\u00e9marrer la journ\u00e9e sereinement : la premi\u00e8re couche du comprim\u00e9 lib\u00e8re imm\u00e9diatement du Magn\u00e9sium Marin et de la Vitamine B6 pour r\u00e9duire la fatigue et am\u00e9liorer l'\u00e9quilibre \u00e9motionnel\u00a0<sup>(1)<\/sup>. Elle contient \u00e9galement des vitamines B1, B2, B3, B5(3) et B6 ainsi que l'acide amin\u00e9 L-Th\u00e9anine pour un meilleur bien-\u00eatre psychologique.<\/p>\n<p>2- Un effet prolong\u00e9 pour r\u00e9sister au stress tout au long de la journ\u00e9e : gr\u00e2ce \u00e0 la deuxi\u00e8me couche du comprim\u00e9 qui lib\u00e8re progressivement\u00a0 du Magn\u00e9sium Marin et des Vitamines B6 et B9 pour recharger l'organisme tout au long de la journ\u00e9e\u00a0<sup>(1)(3)<\/sup>\u00a0et un complexe synergique de 3 plantes adaptog\u00e8nes (rhodiola, ashwagandha et schisandra), pour une meilleure gestion du stress et une r\u00e9sistance physique et mentale au surmenage<sup>(2)<\/sup>. Les plantes adaptog\u00e8nes permettent \u00e0 l'organisme de s'adapter \u00e0 diff\u00e9rents \u00e9tats de stress et de r\u00e9pondre au mieux \u00e0 ces situations.<br \/>\u00a0<\/p>\n<h6>\u00a0<\/h6>\n<\/div>\n<\/div>\n<\/div>\n<\/article>","protected":false},"excerpt":{"rendered":"<p>POUR DES JOURN\u00c9ES PLUS SEREINES<\/p>\n<div class=\"text\">\u00a0<\/div>\n<div class=\"cms\">\n<p>Une formule compl\u00e8te associant plantes adaptog\u00e8nes et magn\u00e9sium marin, dans un comprim\u00e9 bicouche \u00e0 double lib\u00e9ration, pour un effet imm\u00e9diat et prolong\u00e9.<\/p>\n<\/div>","protected":false},"featured_media":24367,"template":"","meta":{"arc_restricted_post":false},"product_cat":[49,337],"product_tag":[],"_links":{"self":[{"href":"https:\/\/www.sopha-sahara.com\/en\/wp-json\/wp\/v2\/product\/24301"}],"collection":[{"href":"https:\/\/www.sopha-sahara.com\/en\/wp-json\/wp\/v2\/product"}],"about":[{"href":"https:\/\/www.sopha-sahara.com\/en\/wp-json\/wp\/v2\/types\/product"}],"wp:featuredmedia":[{"embeddable":true,"href":"https:\/\/www.sopha-sahara.com\/en\/wp-json\/wp\/v2\/media\/24367"}],"wp:attachment":[{"href":"https:\/\/www.sopha-sahara.com\/en\/wp-json\/wp\/v2\/media?parent=24301"}],"wp:term":[{"taxonomy":"product_cat","embeddable":true,"href":"https:\/\/www.sopha-sahara.com\/en\/wp-json\/wp\/v2\/product_cat?post=24301"},{"taxonomy":"product_tag","embeddable":true,"href":"https:\/\/www.sopha-sahara.com\/en\/wp-json\/wp\/v2\/product_tag?post=24301"}],"curies":[{"name":"wp","href":"https:\/\/api.w.org\/{rel}","templated":true}]}}