{"id":24300,"date":"2020-12-18T12:00:15","date_gmt":"2020-12-18T11:00:15","guid":{"rendered":"https:\/\/www.interbusinesschamber.com\/produit\/forte-mag-300-marin\/"},"modified":"2020-12-28T15:48:37","modified_gmt":"2020-12-28T14:48:37","slug":"forte-mag-300-marin","status":"publish","type":"product","link":"https:\/\/www.sopha-sahara.com\/en\/product\/forte-mag-300-marin\/","title":{"rendered":"FORT\u00c9 MAG 300 MARIN"},"content":{"rendered":"<article id=\"53\" class=\"posology\">\n<div class=\"notice cms\">\n<h4>UTILISATION<\/h4>\n<p>Prendre 1 comprim\u00e9 par jour avec un grand verre d'eau de pr\u00e9f\u00e9rence le matin au cours du repas.<br \/>Un programme de 2 mois est conseill\u00e9. A renouveler si n\u00e9cessaire.<\/p>\n<\/div>\n<\/article>\n<article class=\"actif\">\n<header>\n<h4 id=\"actifs\">LES ACTIFS<\/h4>\n<\/header>\n<div class=\"content\">\n<div class=\"items\">\n<div class=\"text cms\">\n<p>Pour r\u00e9agir d\u00e8s les premiers signes relatifs \u00e0 un manque de magn\u00e9sium, les Laboratoires Fort\u00e9 Pharma ont mis au point\u00a0<strong>Fort\u00e9 Mag 300 Marin.<\/strong><br \/>Sa formule associe du magn\u00e9sium naturellement pr\u00e9sent dans l'eau de mer et de la vitamine B6 pour contribuer \u00e0 la r\u00e9duction de la fatigue et au bon fonctionnement du syst\u00e8me nerveux.<br \/>\u00a0<\/p>\n<pre>\u00a0<\/pre>\n<\/div>\n<\/div>\n<\/div>\n<\/article>","protected":false},"excerpt":{"rendered":"<p>PROFITEZ DE TOUS LES BIENFAITS\u00a0DU MAGN\u00c9SIUM D&rsquo;ORIGINE MARINE<\/p>\n<p>Un manque de magn\u00e9sium peut se traduire de diff\u00e9rentes fa\u00e7ons. Fatigue, stress, nervosit\u00e9, en sont tr\u00e8s souvent les premiers signes.<\/p>","protected":false},"featured_media":24360,"template":"","meta":{"arc_restricted_post":false},"product_cat":[49,337],"product_tag":[],"_links":{"self":[{"href":"https:\/\/www.sopha-sahara.com\/en\/wp-json\/wp\/v2\/product\/24300"}],"collection":[{"href":"https:\/\/www.sopha-sahara.com\/en\/wp-json\/wp\/v2\/product"}],"about":[{"href":"https:\/\/www.sopha-sahara.com\/en\/wp-json\/wp\/v2\/types\/product"}],"wp:featuredmedia":[{"embeddable":true,"href":"https:\/\/www.sopha-sahara.com\/en\/wp-json\/wp\/v2\/media\/24360"}],"wp:attachment":[{"href":"https:\/\/www.sopha-sahara.com\/en\/wp-json\/wp\/v2\/media?parent=24300"}],"wp:term":[{"taxonomy":"product_cat","embeddable":true,"href":"https:\/\/www.sopha-sahara.com\/en\/wp-json\/wp\/v2\/product_cat?post=24300"},{"taxonomy":"product_tag","embeddable":true,"href":"https:\/\/www.sopha-sahara.com\/en\/wp-json\/wp\/v2\/product_tag?post=24300"}],"curies":[{"name":"wp","href":"https:\/\/api.w.org\/{rel}","templated":true}]}}