{"id":24299,"date":"2020-12-18T12:00:14","date_gmt":"2020-12-18T11:00:14","guid":{"rendered":"https:\/\/www.interbusinesschamber.com\/produit\/forte-nuit-8h\/"},"modified":"2020-12-28T15:47:10","modified_gmt":"2020-12-28T14:47:10","slug":"forte-nuit-8h","status":"publish","type":"product","link":"https:\/\/www.sopha-sahara.com\/en\/product\/forte-nuit-8h\/","title":{"rendered":"FORT\u00c9 NUIT 8H"},"content":{"rendered":"<article id=\"428\" class=\"posology\">\n<h4 class=\"notice cms\">UTILISATION<\/h4>\n<div class=\"notice cms\">1 seul comprim\u00e9 de Fort\u00e9 Nuit 8h \u00e0 prendre le soir avec un grand verre d'eau, une demi-heure avant le coucher. Sans accoutumance.<\/div>\n<\/article>\n<article class=\"actif\">\n<header>\n<h4 id=\"actifs\">LES ACTIFS<\/h4>\n<\/header>\n<div class=\"content\">\n<div class=\"items\">\n<div class=\"text cms\">\n<p><strong>LA MELATONINE<\/strong><\/p>\n<p>La m\u00e9latonine est \"l\u2019hormone du sommeil\", elle participe \u00e0 la r\u00e9gulation des rythmes chronobiologiques tels que les rythmes circadiens veille\/sommeil. Elle aide \u00e0 r\u00e9duire les temps d\u2019endormissement (dur\u00e9e) et \u00e0 att\u00e9nuer les effets du d\u00e9calage horaire. La m\u00e9latonine n\u2019entra\u00eene ni somnolence ni accoutumance. Elle est dos\u00e9e \u00e0 1,9 mg dans la formule de Fort\u00e9 Nuit 8h.<\/p>\n<p><strong>LA PASSIFLORE<\/strong><\/p>\n<p>La passiflore est entr\u00e9e dans la Pharmacop\u00e9e fran\u00e7aise en 1937. Elle est reconnue, dans les \u00e9tats de stress, pour ses propri\u00e9t\u00e9s apaisantes et tranquillisantes. Elle aide \u00e0 diminuer la nervosit\u00e9 et \u00e0 prolonger le sommeil. Elle est dos\u00e9e \u00e0 200 mg dans la formule de Fort\u00e9 Nuit 8h.<\/p>\n<p><strong>LA VALERIANE<\/strong><\/p>\n<p>La val\u00e9riane est connue pour ses vertus apaisantes. Elle favorise la d\u00e9tente chez les sujets stress\u00e9s et aide \u00e0 am\u00e9liorer la qualit\u00e9 globale du sommeil en limitant les \u00e9veils nocturnes et la somnolence au r\u00e9veil. Elle est dos\u00e9e \u00e0 200 mg dans la formule de Fort\u00e9 Nuit 8h.<\/p>\n<p><strong>LE PAVOT DE CALIFORNIE<\/strong><\/p>\n<p>Le pavot de Californie facilite le sommeil, am\u00e9liore sa qualit\u00e9 en r\u00e9duisant l'\u00e9tat de stress et le surmenage nerveux. Il contient majoritairement des actifs aidant \u00e0 favoriser la d\u00e9tente et la relaxation. Il est dos\u00e9 \u00e0 150 mg dans la formule de Fort\u00e9 Nuit 8h.<br \/>\u00a0<\/p>\n<h5>Ne pas d\u00e9passer la dose journali\u00e8re conseill\u00e9e. Un compl\u00e9ment alimentaire ne doit pas se substituer \u00e0 une alimentation vari\u00e9e et \u00e9quilibr\u00e9e et \u00e0 un mode de vie sain. Conserver dans un endroit frais et sec. Tenir hors de la port\u00e9e des jeunes enfants. D\u00e9conseill\u00e9 aux femmes enceintes ou qui allaitent et aux enfants de moins de 12 ans.<\/p>\n<p>* Contient des sucres naturellement pr\u00e9sents.<\/h5>\n<\/div>\n<\/div>\n<\/div>\n<\/article>","protected":false},"excerpt":{"rendered":"<p>LE PLAISIR DE DORMIR TOUTE LA NUIT !<\/p>\n<p>Fort\u00e9 Nuit 8h est une solution SANS ACCOUTUMANCE, pour un endormissement plus rapide et un sommeil de qualit\u00e9. Gr\u00e2ce \u00e0 son comprim\u00e9 bi-couches innovant,\u00a0 la formule de Fort\u00e9 Nuit 8h agit en deux \u00e9tapes :<\/p>\n<p>1 &#8211; Un effet imm\u00e9diat pour un endormissement plus rapide gr\u00e2ce \u00e0 un dosage dosage optimal de 1,9 mg de m\u00e9latonine.<br \/>2 &#8211; Un effet prolong\u00e9 pour un sommeil de qualit\u00e9 gr\u00e2ce \u00e0 l&rsquo;association synergique d&rsquo;actifs : val\u00e9riane, passiflore, pavot de Californie, GABA, vitamines B3 et B6.<\/p>","protected":false},"featured_media":24362,"template":"","meta":{"arc_restricted_post":false},"product_cat":[49,337],"product_tag":[],"_links":{"self":[{"href":"https:\/\/www.sopha-sahara.com\/en\/wp-json\/wp\/v2\/product\/24299"}],"collection":[{"href":"https:\/\/www.sopha-sahara.com\/en\/wp-json\/wp\/v2\/product"}],"about":[{"href":"https:\/\/www.sopha-sahara.com\/en\/wp-json\/wp\/v2\/types\/product"}],"wp:featuredmedia":[{"embeddable":true,"href":"https:\/\/www.sopha-sahara.com\/en\/wp-json\/wp\/v2\/media\/24362"}],"wp:attachment":[{"href":"https:\/\/www.sopha-sahara.com\/en\/wp-json\/wp\/v2\/media?parent=24299"}],"wp:term":[{"taxonomy":"product_cat","embeddable":true,"href":"https:\/\/www.sopha-sahara.com\/en\/wp-json\/wp\/v2\/product_cat?post=24299"},{"taxonomy":"product_tag","embeddable":true,"href":"https:\/\/www.sopha-sahara.com\/en\/wp-json\/wp\/v2\/product_tag?post=24299"}],"curies":[{"name":"wp","href":"https:\/\/api.w.org\/{rel}","templated":true}]}}