{"id":24298,"date":"2020-12-18T12:00:14","date_gmt":"2020-12-18T11:00:14","guid":{"rendered":"https:\/\/www.interbusinesschamber.com\/produit\/fortebiotic-flore-intime\/"},"modified":"2020-12-28T15:44:51","modified_gmt":"2020-12-28T14:44:51","slug":"fortebiotic-flore-intime","status":"publish","type":"product","link":"https:\/\/www.sopha-sahara.com\/en\/product\/fortebiotic-flore-intime\/","title":{"rendered":"FORT\u00c9 BIOTIC+ FLORE INTIME"},"content":{"rendered":"<h4>UTILISATION<\/h4>\n<article id=\"713\" class=\"posology\">\n<div class=\"notice cms\">Prendre 1 g\u00e9lule par jour dans un grand verre d'eau (200 ml). Programme de 15 jours renouvelable.<\/div>\n<\/article>\n<article class=\"actif\">\n<header>\n<h4 id=\"actifs\">LES ACTIFS<\/h4>\n<\/header>\n<div class=\"content\">\n<div class=\"items\">\n<div class=\"text cms\">\n<p>Fort\u00e9Biotic+ Flore Intime est une r\u00e9ponse unique pour le confort intime<sup>(2)<\/sup>. Sa formule associe 3 souches microbiotiques micro-encapsul\u00e9es et de la vitamine B2 qui contribue au maintien de muqueuses normales.<\/p>\n<p>Les souches ont \u00e9t\u00e9 micro-encapsul\u00e9es gr\u00e2ce \u00e0 une technique exclusive et brevet\u00e9e, et sont gastro-r\u00e9sistantes.<\/p>\n<p>- Lactobacillus rhamnosus LR06<br \/>- Lactobacillus crispatus LCR01<br \/>- Lactobacillus salivarius CRL1328<br \/>- + Vitamine B2<\/p>\n<h5>(2) La riboflavine contribue au maintien de muqueuses normales.<br \/>\u00a0<\/h5>\n<p><em>Un compl\u00e9ment alimentaire ne doit pas se substituer \u00e0 une alimentation vari\u00e9e et \u00e9quilibr\u00e9e et \u00e0 un mode de vie sain. Ne pas d\u00e9passer la dose journali\u00e8re conseill\u00e9e. Tenir hors de la port\u00e9e des jeunes enfants. D\u00e9conseill\u00e9 aux femmes enceintes ou qui allaitent et aux enfants de moins de 12 ans sans avis m\u00e9dical. Ce compl\u00e9ment alimentaire n\u2019est pas un m\u00e9dicament. A conserver \u00e0 une temp\u00e9rature inf\u00e9rieure \u00e0 25\u00b0 C et \u00e0 l\u2019abri de la lumi\u00e8re et de l\u2019humidit\u00e9, dans son emballage herm\u00e9tiquement ferm\u00e9.<\/em><\/div>\n<\/div>\n<\/div>\n<\/article>","protected":false},"excerpt":{"rendered":"<p>POUR AIDER \u00c0 RETROUVER UN CONFORT INTIME\u00a0<\/p>","protected":false},"featured_media":24369,"template":"","meta":{"arc_restricted_post":false},"product_cat":[49,337],"product_tag":[],"_links":{"self":[{"href":"https:\/\/www.sopha-sahara.com\/en\/wp-json\/wp\/v2\/product\/24298"}],"collection":[{"href":"https:\/\/www.sopha-sahara.com\/en\/wp-json\/wp\/v2\/product"}],"about":[{"href":"https:\/\/www.sopha-sahara.com\/en\/wp-json\/wp\/v2\/types\/product"}],"wp:featuredmedia":[{"embeddable":true,"href":"https:\/\/www.sopha-sahara.com\/en\/wp-json\/wp\/v2\/media\/24369"}],"wp:attachment":[{"href":"https:\/\/www.sopha-sahara.com\/en\/wp-json\/wp\/v2\/media?parent=24298"}],"wp:term":[{"taxonomy":"product_cat","embeddable":true,"href":"https:\/\/www.sopha-sahara.com\/en\/wp-json\/wp\/v2\/product_cat?post=24298"},{"taxonomy":"product_tag","embeddable":true,"href":"https:\/\/www.sopha-sahara.com\/en\/wp-json\/wp\/v2\/product_tag?post=24298"}],"curies":[{"name":"wp","href":"https:\/\/api.w.org\/{rel}","templated":true}]}}