{"id":24297,"date":"2020-12-18T12:00:14","date_gmt":"2020-12-18T11:00:14","guid":{"rendered":"https:\/\/www.interbusinesschamber.com\/produit\/forte-biotic-flore-intestinale\/"},"modified":"2020-12-28T17:36:48","modified_gmt":"2020-12-28T16:36:48","slug":"forte-biotic-flore-intestinale","status":"publish","type":"product","link":"https:\/\/www.sopha-sahara.com\/en\/product\/forte-biotic-flore-intestinale\/","title":{"rendered":"FORT\u00c9 BIOTIC+ FLORE INTESTINALE"},"content":{"rendered":"<h4>UTILISATION<\/h4>\n<article id=\"644\" class=\"posology\">\n<div class=\"notice cms\">Prendre 1 g\u00e9lule par jour avec un grand verre d'eau (200 ml).<\/p>\n<p>Programme d'un mois renouvelable.<\/p><\/div>\n<\/article>\n<article class=\"actif\">\n<header>\n<h4 id=\"actifs\">LES ACTIFS<\/h4>\n<\/header>\n<div class=\"content\">\n<div class=\"items\">\n<div class=\"text cms\">\n<p>5 souches micro-encapsul\u00e9es sp\u00e9cifiques hautement dos\u00e9es - 12 MILLIARDS UFC<sup>*<\/sup>\u00a0: Lactobacillus acidophilus LA02 Lactobacillus rhamnosus LR04 Lactobacillus rhamnosus GG Lactobacillus rhamnosus LR06 Bifidobacterium lactis BS01<\/p>\n<h5>*UFC : Unit\u00e9 Formant Colonie<br \/>\u00a0<\/h5>\n<p><em>Un compl\u00e9ment alimentaire ne doit pas se substituer \u00e0 une alimentation vari\u00e9e et \u00e9quilibr\u00e9e et \u00e0 un mode de vie sain. Ne pas d\u00e9passer la dose journali\u00e8re conseill\u00e9e. Tenir hors de la port\u00e9e des jeunes enfants. D\u00e9conseill\u00e9 aux femmes enceintes ou qui allaitent et aux enfants de moins de 12 ans sans avis m\u00e9dical. Ce compl\u00e9ment alimentaire n\u2019est pas un m\u00e9dicament.<\/em><\/p>\n<\/div>\n<\/div>\n<\/div>\n<\/article>","protected":false},"excerpt":{"rendered":"<p>FAITES EN + POUR VOTRE MICROBIOTE !<\/p>","protected":false},"featured_media":24348,"template":"","meta":{"arc_restricted_post":false},"product_cat":[49,337],"product_tag":[],"_links":{"self":[{"href":"https:\/\/www.sopha-sahara.com\/en\/wp-json\/wp\/v2\/product\/24297"}],"collection":[{"href":"https:\/\/www.sopha-sahara.com\/en\/wp-json\/wp\/v2\/product"}],"about":[{"href":"https:\/\/www.sopha-sahara.com\/en\/wp-json\/wp\/v2\/types\/product"}],"wp:featuredmedia":[{"embeddable":true,"href":"https:\/\/www.sopha-sahara.com\/en\/wp-json\/wp\/v2\/media\/24348"}],"wp:attachment":[{"href":"https:\/\/www.sopha-sahara.com\/en\/wp-json\/wp\/v2\/media?parent=24297"}],"wp:term":[{"taxonomy":"product_cat","embeddable":true,"href":"https:\/\/www.sopha-sahara.com\/en\/wp-json\/wp\/v2\/product_cat?post=24297"},{"taxonomy":"product_tag","embeddable":true,"href":"https:\/\/www.sopha-sahara.com\/en\/wp-json\/wp\/v2\/product_tag?post=24297"}],"curies":[{"name":"wp","href":"https:\/\/api.w.org\/{rel}","templated":true}]}}