{"id":24296,"date":"2020-12-18T12:00:13","date_gmt":"2020-12-18T11:00:13","guid":{"rendered":"https:\/\/www.interbusinesschamber.com\/produit\/forte-biotic-atb\/"},"modified":"2020-12-28T15:40:18","modified_gmt":"2020-12-28T14:40:18","slug":"forte-biotic-atb","status":"publish","type":"product","link":"https:\/\/www.sopha-sahara.com\/en\/product\/forte-biotic-atb\/","title":{"rendered":"FORT\u00c9 BIOTIC+ ATB"},"content":{"rendered":"<article id=\"645\" class=\"posology\">\n<h4 class=\"notice cms\">UTILISATION<\/h4>\n<div class=\"notice cms\">Prendre 1 g\u00e9lule par jour avec 1 grand verre d'eau (200 ml).<\/p>\n<p>Programme de 10 jours.<\/p><\/div>\n<\/article>\n<article class=\"actif\">\n<header>\n<h4 id=\"actifs\">LES ACTIFS<\/h4>\n<\/header>\n<div class=\"content\">\n<div class=\"items\">\n<div class=\"text cms\">\n<p>Formule 2 en 1 = 1 Levure + 2 souches micro-encapsul\u00e9es - 12 MILLIARDS UFC<sup>*<\/sup>\u00a0: SACCHAROMYCES BOULARDII Lactobacillus plantarum LP01 Bifidobacterium breve BR03<\/p>\n<h6>*UFC : Unit\u00e9 Formant Colonie<br \/>\u00a0<\/h6>\n<p><em>Un compl\u00e9ment alimentaire ne doit pas se substituer \u00e0 une alimentation vari\u00e9e et \u00e9quilibr\u00e9e et \u00e0 un mode de vie sain. Ne pas d\u00e9passer la dose journali\u00e8re conseill\u00e9e. Tenir hors de la port\u00e9e des jeunes enfants. D\u00e9conseill\u00e9 aux femmes enceintes ou qui allaitent et aux enfants de moins de 12 ans sans avis m\u00e9dical. Ce compl\u00e9ment alimentaire n\u2019est pas un m\u00e9dicament.Ce compl\u00e9ment alimentaire n\u2019est pas un m\u00e9dicament.<\/em><\/p>\n<\/div>\n<\/div>\n<\/div>\n<\/article>","protected":false},"excerpt":{"rendered":"<p>FAITES EN + POUR VOTRE MICROBIOTE !<\/p>","protected":false},"featured_media":24347,"template":"","meta":{"arc_restricted_post":false},"product_cat":[49,337],"product_tag":[],"_links":{"self":[{"href":"https:\/\/www.sopha-sahara.com\/en\/wp-json\/wp\/v2\/product\/24296"}],"collection":[{"href":"https:\/\/www.sopha-sahara.com\/en\/wp-json\/wp\/v2\/product"}],"about":[{"href":"https:\/\/www.sopha-sahara.com\/en\/wp-json\/wp\/v2\/types\/product"}],"wp:featuredmedia":[{"embeddable":true,"href":"https:\/\/www.sopha-sahara.com\/en\/wp-json\/wp\/v2\/media\/24347"}],"wp:attachment":[{"href":"https:\/\/www.sopha-sahara.com\/en\/wp-json\/wp\/v2\/media?parent=24296"}],"wp:term":[{"taxonomy":"product_cat","embeddable":true,"href":"https:\/\/www.sopha-sahara.com\/en\/wp-json\/wp\/v2\/product_cat?post=24296"},{"taxonomy":"product_tag","embeddable":true,"href":"https:\/\/www.sopha-sahara.com\/en\/wp-json\/wp\/v2\/product_tag?post=24296"}],"curies":[{"name":"wp","href":"https:\/\/api.w.org\/{rel}","templated":true}]}}