{"id":24294,"date":"2020-12-18T12:00:13","date_gmt":"2020-12-18T11:00:13","guid":{"rendered":"https:\/\/www.interbusinesschamber.com\/produit\/forte-biotic-immunite-enfant\/"},"modified":"2020-12-28T15:37:12","modified_gmt":"2020-12-28T14:37:12","slug":"forte-biotic-immunite-enfant","status":"publish","type":"product","link":"https:\/\/www.sopha-sahara.com\/en\/product\/forte-biotic-immunite-enfant\/","title":{"rendered":"FORT\u00c9 BIOTIC+ IMMUNIT\u00c9 ENFANT"},"content":{"rendered":"<article id=\"647\" class=\"posology\">\n<header>\n<h4>UTILISATION<\/h4>\n<\/header>\n<div class=\"notice cms\">Diluer un sachet par jour dans un grand verre d'eau (200 ml) ou dans l'alimentation (compote, yaourt...).<\/p>\n<p>Programme de 14 jours renouvelable.<\/p><\/div>\n<\/article>\n<article class=\"actif\">\n<header>\n<h4 id=\"actifs\">LES ACTIFS<\/h4>\n<\/header>\n<div class=\"content\">\n<div class=\"items\">\n<div class=\"text cms\">\n<p>Le saviez-vous ? Le microbiote intestinal de l\u2019enfant est fragile et joue un r\u00f4le d\u00e9terminant sur son immunit\u00e9. En sachet facile \u00e0 donner au bon go\u00fbt vanille, sa formule associe 5 souches microbiotiques micro-encapsul\u00e9es sp\u00e9cifiques, et de la vitamine D3 qui contribue au fonctionnement normal du yst\u00e8me immunitaire des enfants<sup>(1)<\/sup><\/p>\n<p>5 souches micro-encapsul\u00e9es sp\u00e9cifiques - 5 MILLIARDS UFC<sup>*<\/sup>\u00a0: Bifidobacterium breve BR03 Lactobacillus delbrueckii LDB01 Lactobacillus rhamnosus GG Lactobacillus reuteri LRE02 Bifidobacterium longum BL03 + Vitamine D3 qui contribue au fonctionnement normal du syst\u00e8me immunitaire des enfants.<\/p>\n<h5>*UFC : Unit\u00e9 Formant Colonie<\/p>\n<p>(1) La vitamine D contribue au fonctionnement normal du syst\u00e8me immunitaire des enfants.<br \/>\u00a0<\/h5>\n<p><em>Un compl\u00e9ment alimentaire ne doit pas se substituer \u00e0 une alimentation vari\u00e9e et \u00e9quilibr\u00e9e et \u00e0 un mode de vie sain. Ne pas d\u00e9passer la dose journali\u00e8re conseill\u00e9e. Tenir hors de la port\u00e9e des jeunes enfants. D\u00e9conseill\u00e9 aux femmes enceintes ou qui allaitent sans avis m\u00e9dical. Ce compl\u00e9ment alimentaire n\u2019est pas un m\u00e9dicament.<\/em><\/p>\n<\/div>\n<\/div>\n<\/div>\n<\/article>","protected":false},"excerpt":{"rendered":"<p>FAITES EN + POUR VOTRE MICROBIOTE !<\/p>","protected":false},"featured_media":24349,"template":"","meta":{"arc_restricted_post":false},"product_cat":[49,337],"product_tag":[],"_links":{"self":[{"href":"https:\/\/www.sopha-sahara.com\/en\/wp-json\/wp\/v2\/product\/24294"}],"collection":[{"href":"https:\/\/www.sopha-sahara.com\/en\/wp-json\/wp\/v2\/product"}],"about":[{"href":"https:\/\/www.sopha-sahara.com\/en\/wp-json\/wp\/v2\/types\/product"}],"wp:featuredmedia":[{"embeddable":true,"href":"https:\/\/www.sopha-sahara.com\/en\/wp-json\/wp\/v2\/media\/24349"}],"wp:attachment":[{"href":"https:\/\/www.sopha-sahara.com\/en\/wp-json\/wp\/v2\/media?parent=24294"}],"wp:term":[{"taxonomy":"product_cat","embeddable":true,"href":"https:\/\/www.sopha-sahara.com\/en\/wp-json\/wp\/v2\/product_cat?post=24294"},{"taxonomy":"product_tag","embeddable":true,"href":"https:\/\/www.sopha-sahara.com\/en\/wp-json\/wp\/v2\/product_tag?post=24294"}],"curies":[{"name":"wp","href":"https:\/\/api.w.org\/{rel}","templated":true}]}}