{"id":23785,"date":"2020-12-15T12:25:31","date_gmt":"2020-12-15T11:25:31","guid":{"rendered":"https:\/\/www.interbusinesschamber.com\/produit\/vichy-dercos-densi-solution-shampooing-epaisant-brosse-offerte\/"},"modified":"2020-12-30T11:48:59","modified_gmt":"2020-12-30T10:48:59","slug":"vichy-dercos-densi-solution-shampooing-epaisant-brosse-offerte","status":"publish","type":"product","link":"https:\/\/www.sopha-sahara.com\/en\/product\/vichy-dercos-densi-solution-shampooing-epaisant-brosse-offerte\/","title":{"rendered":"VICHY DERCOS DENSI-SOLUTION SHAMPOOING EPAISANT + BROSSE OFFERTE"},"content":{"rendered":"<p><strong>EFFICACIT\u00c9 ET TOL\u00c9RANCE<\/strong><\/p>\n<p>Ce shampoing enrichi en rhamnose et en filloxane am\u00e9liore la qualit\u00e9 du cuir chevelu et rend les cheveux plus forts et plus r\u00e9sistants. La fibre gagne en volume, elle est comme revitalis\u00e9.<\/p>\n<p>+ 40% de volume d\u00e8s la premi\u00e8re application*. Donne du volume et de la densit\u00e9 lorsque le produit est utilis\u00e9 dans sa routine compl\u00e8te (Baume r\u00e9g\u00e9n\u00e9rant &amp; Concentr\u00e9 cr\u00e9ateur de masse capillaire)*.<\/p>\n<p>94% des consommateurs ont per\u00e7ue leur chevelure \u00e9paissie en 6 semaines**<\/p>\n<p>*Test instrumental apr\u00e8s une application.<\/p>\n<p>** Test consommateur \u2013pourcentage de satisfaction \u2013 shampooing + baume + soin concentr\u00e9 - 138 sujets - 6 semaines.<\/p>\n<p>Sans paraben<\/p>","protected":false},"excerpt":{"rendered":"<p><strong>SHAMPOOING &#8211; SHAMPOING REDENSIFIANT<\/strong><\/p>\n<p>Un shampoing \u00e9paisseur qui purifie le cuir chevelu et agit sur les longueurs pour augmenter le volume et l&rsquo;\u00e9paisseur de la chevelure<\/p>\n<p>Pour les femmes concern\u00e9es par la perte de masse capillaire. Cette perte est identifiable par une diminution de la r\u00e9sistance capillaire (le cheveu est affaibli et moins r\u00e9sistant), une diminution de l\u2019\u00e9paisseur de la fibre capillaire (le cheveu para\u00eet plus fin qu\u2019avant), et par une diminution de la quantit\u00e9 de cheveux (la queue de cheval est moins \u00e9paisse).<\/p>","protected":false},"featured_media":23808,"template":"","meta":{"arc_restricted_post":false},"product_cat":[48,334],"product_tag":[],"_links":{"self":[{"href":"https:\/\/www.sopha-sahara.com\/en\/wp-json\/wp\/v2\/product\/23785"}],"collection":[{"href":"https:\/\/www.sopha-sahara.com\/en\/wp-json\/wp\/v2\/product"}],"about":[{"href":"https:\/\/www.sopha-sahara.com\/en\/wp-json\/wp\/v2\/types\/product"}],"wp:featuredmedia":[{"embeddable":true,"href":"https:\/\/www.sopha-sahara.com\/en\/wp-json\/wp\/v2\/media\/23808"}],"wp:attachment":[{"href":"https:\/\/www.sopha-sahara.com\/en\/wp-json\/wp\/v2\/media?parent=23785"}],"wp:term":[{"taxonomy":"product_cat","embeddable":true,"href":"https:\/\/www.sopha-sahara.com\/en\/wp-json\/wp\/v2\/product_cat?post=23785"},{"taxonomy":"product_tag","embeddable":true,"href":"https:\/\/www.sopha-sahara.com\/en\/wp-json\/wp\/v2\/product_tag?post=23785"}],"curies":[{"name":"wp","href":"https:\/\/api.w.org\/{rel}","templated":true}]}}