{"id":23784,"date":"2020-12-15T12:25:31","date_gmt":"2020-12-15T11:25:31","guid":{"rendered":"https:\/\/www.interbusinesschamber.com\/produit\/vichy-normaderm-phytosolution-brume-matifiante-100ml\/"},"modified":"2020-12-30T14:08:56","modified_gmt":"2020-12-30T13:08:56","slug":"vichy-normaderm-phytosolution-brume-matifiante-100ml","status":"publish","type":"product","link":"https:\/\/www.sopha-sahara.com\/en\/product\/vichy-normaderm-phytosolution-brume-matifiante-100ml\/","title":{"rendered":"VICHY NORMADERM PHYTOSOLUTION BRUME MATIFIANTE 100ML"},"content":{"rendered":"","protected":false},"excerpt":{"rendered":"<p>Il a une texture en brume l\u00e9g\u00e8re et fra\u00eeche, avec une combinaison d&rsquo;acide amin\u00e9 ac\u00e9tyl\u00e9 (naturel) et d&rsquo;eau min\u00e9ralisante (15 min\u00e9raux essentiels) pour une action s\u00e9bor\u00e9gulatrice, matifiante, \u00e9quilibrante, antioxydante et rafra\u00eechissante.<\/p>\n<p>L\u00e9ger et frais, il peut \u00eatre utilis\u00e9 \u00e0 tout moment de la journ\u00e9e et n&rsquo;importe o\u00f9 pour un effet matifiant imm\u00e9diat.\u00a0Att\u00e9nue l&rsquo;exc\u00e8s de s\u00e9bum, le gras et la brillance de la peau, procurant un effet mat de longue dur\u00e9e.\u00a0Prot\u00e8ge contre les agressions ext\u00e9rieures quotidiennes.\u00a0Ne bloque pas les pores.\u00a0Il peut \u00eatre appliqu\u00e9 sur le maquillage ou comme lotion matifiante dans votre routine de soin.\u00a0Haute tol\u00e9rance.<\/p>\n<p>Id\u00e9al pour les peaux mixtes \u00e0 grasses, voire sensibles.<\/p>\n<div>\n<div>\n<div>\n<p>La peau est mate et fra\u00eeche toute la journ\u00e9e.<\/p>\n<\/div>\n<\/div>\n<\/div>","protected":false},"featured_media":23876,"template":"","meta":{"arc_restricted_post":false},"product_cat":[48,334],"product_tag":[],"_links":{"self":[{"href":"https:\/\/www.sopha-sahara.com\/en\/wp-json\/wp\/v2\/product\/23784"}],"collection":[{"href":"https:\/\/www.sopha-sahara.com\/en\/wp-json\/wp\/v2\/product"}],"about":[{"href":"https:\/\/www.sopha-sahara.com\/en\/wp-json\/wp\/v2\/types\/product"}],"wp:featuredmedia":[{"embeddable":true,"href":"https:\/\/www.sopha-sahara.com\/en\/wp-json\/wp\/v2\/media\/23876"}],"wp:attachment":[{"href":"https:\/\/www.sopha-sahara.com\/en\/wp-json\/wp\/v2\/media?parent=23784"}],"wp:term":[{"taxonomy":"product_cat","embeddable":true,"href":"https:\/\/www.sopha-sahara.com\/en\/wp-json\/wp\/v2\/product_cat?post=23784"},{"taxonomy":"product_tag","embeddable":true,"href":"https:\/\/www.sopha-sahara.com\/en\/wp-json\/wp\/v2\/product_tag?post=23784"}],"curies":[{"name":"wp","href":"https:\/\/api.w.org\/{rel}","templated":true}]}}