{"id":23782,"date":"2020-12-15T12:25:31","date_gmt":"2020-12-15T11:25:31","guid":{"rendered":"https:\/\/www.interbusinesschamber.com\/produit\/vichy-dercos-aminexil-men-cure-intensive-premiere-chute-de-cheveux-36ml\/"},"modified":"2020-12-30T11:44:16","modified_gmt":"2020-12-30T10:44:16","slug":"vichy-dercos-aminexil-men-cure-intensive-premiere-chute-de-cheveux-36ml","status":"publish","type":"product","link":"https:\/\/www.sopha-sahara.com\/en\/product\/vichy-dercos-aminexil-men-cure-intensive-premiere-chute-de-cheveux-36ml\/","title":{"rendered":"VICHY DERCOS AMINEXIL MEN CURE INTENSIVE PREMI\u00c8RE CHUTE DE CHEVEUX 36ML"},"content":{"rendered":"<div><strong>INGR\u00c9DIENTS<\/strong><\/div>\n<div>Aminexil, \u00e9peruline, extrait de gingembre stimulant<\/div>\n<div>\u00a0<\/div>\n<div><strong>TYPE DE CHEVEUX<\/strong><\/div>\n<div>Cheveux\/Cuir chevelu sensibles<\/div>\n<div>\u00a0<\/div>\n<div><strong>PROBL\u00c9MATIQUE CHEVEUX<\/strong><\/div>\n<div>Chute de cheveux.<\/div>\n<div>\u00a0<\/div>\n<div><strong>QUAND<\/strong><\/div>\n<div>Matin ou soir<\/div>\n<div>\u00a0<\/div>\n<div><strong>BENEFICES<\/strong><\/div>\n<div>Cure intensive anti-chute zones cibl\u00e9es (golfes, sommet du cr\u00e2ne)<\/div>","protected":false},"excerpt":{"rendered":"<p>Traitement intensif pour les 1ers signes de la chute de cheveux. Ce traitement freine la chute de cheveux d\u00e8s 6 semaines* sur les zones cibl\u00e9es (golfes, sommet du cr\u00e2ne). Sa texture gel permet une application rapide et facile sur le cuir chevelu.<br \/>Test\u00e9 sur cuir chevelu sensible.<\/p>\n<div class=\"tick-list\">\n<ul>\n<li>FORTIFIE D\u00c8S LA RACINE<\/li>\n<li>FREINE LA CHUTE DE CHEVEUX D\u00c8S SIX SEMAINES*<\/li>\n<\/ul>\n<\/div>","protected":false},"featured_media":23805,"template":"","meta":{"arc_restricted_post":false},"product_cat":[48,334],"product_tag":[],"_links":{"self":[{"href":"https:\/\/www.sopha-sahara.com\/en\/wp-json\/wp\/v2\/product\/23782"}],"collection":[{"href":"https:\/\/www.sopha-sahara.com\/en\/wp-json\/wp\/v2\/product"}],"about":[{"href":"https:\/\/www.sopha-sahara.com\/en\/wp-json\/wp\/v2\/types\/product"}],"wp:featuredmedia":[{"embeddable":true,"href":"https:\/\/www.sopha-sahara.com\/en\/wp-json\/wp\/v2\/media\/23805"}],"wp:attachment":[{"href":"https:\/\/www.sopha-sahara.com\/en\/wp-json\/wp\/v2\/media?parent=23782"}],"wp:term":[{"taxonomy":"product_cat","embeddable":true,"href":"https:\/\/www.sopha-sahara.com\/en\/wp-json\/wp\/v2\/product_cat?post=23782"},{"taxonomy":"product_tag","embeddable":true,"href":"https:\/\/www.sopha-sahara.com\/en\/wp-json\/wp\/v2\/product_tag?post=23782"}],"curies":[{"name":"wp","href":"https:\/\/api.w.org\/{rel}","templated":true}]}}