{"id":23781,"date":"2020-12-15T12:25:31","date_gmt":"2020-12-15T11:25:31","guid":{"rendered":"https:\/\/www.interbusinesschamber.com\/produit\/vichy-dercos-aminexil-men-mousse-anti-chute-traitement-triple-action-150ml\/"},"modified":"2020-12-30T11:44:35","modified_gmt":"2020-12-30T10:44:35","slug":"vichy-dercos-aminexil-men-mousse-anti-chute-traitement-triple-action-150ml","status":"publish","type":"product","link":"https:\/\/www.sopha-sahara.com\/en\/product\/vichy-dercos-aminexil-men-mousse-anti-chute-traitement-triple-action-150ml\/","title":{"rendered":"VICHY DERCOS AMINEXIL MEN MOUSSE ANTI-CHUTE TRAITEMENT TRIPLE ACTION 150ML"},"content":{"rendered":"","protected":false},"excerpt":{"rendered":"<p>Cette mousse anti-chute triple action structure et \u00e9paissit le cheveu imm\u00e9diatement. Ce traitement permet \u00e9galement de freiner la chute globale de cheveux d\u00e8s six semaines*.<br \/>Sa texture mousse l\u00e9g\u00e8re et a\u00e9rienne permet une application facile et pratique sur le cuir chevelu.<br \/>Test\u00e9 sur cuir chevelu sensible.<\/p>\n<p>\u00c9PAISSIT IMM\u00c9DIATEMENT.<br \/>STRUCTURE IMM\u00c9DIATEMENT.<br \/>FREINE LA CHUTE DE CHEVEUX D\u00c8S SIX SEMAINES*.<\/p>\n<p>Appliquer sur l&rsquo;ensemble du cuir chevelu et masser. 1 dose id\u00e9ale = 2 capuchons bomb\u00e9s.<br \/>Ne pas rincer.<\/p>\n<p>Appliquer sur l&rsquo;ensemble du cuir chevelu et masser. 1 dose id\u00e9ale = 2 capuchons bomb\u00e9s.<br \/>Ne pas rincer.<\/p>","protected":false},"featured_media":23806,"template":"","meta":{"arc_restricted_post":false},"product_cat":[48,334],"product_tag":[],"_links":{"self":[{"href":"https:\/\/www.sopha-sahara.com\/en\/wp-json\/wp\/v2\/product\/23781"}],"collection":[{"href":"https:\/\/www.sopha-sahara.com\/en\/wp-json\/wp\/v2\/product"}],"about":[{"href":"https:\/\/www.sopha-sahara.com\/en\/wp-json\/wp\/v2\/types\/product"}],"wp:featuredmedia":[{"embeddable":true,"href":"https:\/\/www.sopha-sahara.com\/en\/wp-json\/wp\/v2\/media\/23806"}],"wp:attachment":[{"href":"https:\/\/www.sopha-sahara.com\/en\/wp-json\/wp\/v2\/media?parent=23781"}],"wp:term":[{"taxonomy":"product_cat","embeddable":true,"href":"https:\/\/www.sopha-sahara.com\/en\/wp-json\/wp\/v2\/product_cat?post=23781"},{"taxonomy":"product_tag","embeddable":true,"href":"https:\/\/www.sopha-sahara.com\/en\/wp-json\/wp\/v2\/product_tag?post=23781"}],"curies":[{"name":"wp","href":"https:\/\/api.w.org\/{rel}","templated":true}]}}