{"id":23780,"date":"2020-12-15T12:25:30","date_gmt":"2020-12-15T11:25:30","guid":{"rendered":"https:\/\/www.interbusinesschamber.com\/produit\/vichy-dercos-kera-solutions-masque-reparateur-200ml\/"},"modified":"2020-12-30T11:49:53","modified_gmt":"2020-12-30T10:49:53","slug":"vichy-dercos-kera-solutions-masque-reparateur-200ml","status":"publish","type":"product","link":"https:\/\/www.sopha-sahara.com\/en\/product\/vichy-dercos-kera-solutions-masque-reparateur-200ml\/","title":{"rendered":"VICHY DERCOS KERA-SOLUTIONS MASQUE REPARATEUR 200ML"},"content":{"rendered":"<h4><strong>composition\u00a0<\/strong><\/h4>\n<p>AQUA \/ WATER - CETEARYL ALCOHOL - DICETYLDIMONIUM CHLORIDE - COCOS NUCIFERA OIL \/ COCONUT OIL - CETRIMONIUM CHLORIDE - ACETIC ACID - AMODIMETHICONE - CETYL ESTERS - CHLORHEXIDINE DIGLUCONATE - DIMETHICONE - HYDROLYZED CORN PROTEIN - HYDROLYZED SOY PROTEIN - HYDROLYZED WHEAT PROTEIN - ISOPROPYL ALCOHOL - PANTHENOL - PEG-100 STEARATE - PHENOXYETHANOL - SODIUM BENZOATE - STEARETH-6 - TARTARIC ACID - TRIDECETH-10 - TRIDECETH-3 - TRISODIUM HEDTA - PARFUM \/ FRAGRANCE<\/p>","protected":false},"excerpt":{"rendered":"<p>Les agressions chimiques, thermiques et m\u00e9caniques impactent profond\u00e9ment la structure du cheveu, et d\u00e9t\u00e9riorent sa k\u00e9ratine.<br \/>Les cheveux s&rsquo;ab\u00eement, ils deviennent ternes, cassants, rugueux au toucher\u2026 Le masque Kera-Solutions 2min R\u00e9parateur associe une formule micro-comblante* au COMPLEXE PRO-K\u00c9RATINE pour renouveler les cheveux d\u00e8s la premi\u00e8re utilisation.<\/p>\n<p>Associ\u00e9 au Shampooing Kera-Solutions, il r\u00e9duit imm\u00e9diatement de -60% les cheveux ab\u00eem\u00e9s1.<\/p>\n<p>R\u00c9PARE LES CHEVEUX D\u00c8S LA PREMI\u00c8RE UTILISATION<br \/>NOURRIT LA FIBRE CAPILLAIRE<br \/>N&rsquo;ALOURDIT PAS LES CHEVEUX<br \/>D\u00c9M\u00c8LE<br \/>DOUCEUR ET BRILLANCE DES CHEVEUX<\/p>\n<p>Appliquer le Masque sur les longueurs. Masser d\u00e9licatement<br \/>puis laisser poser 2 minutes et rincer.<\/p>","protected":false},"featured_media":23811,"template":"","meta":{"arc_restricted_post":false},"product_cat":[48,334],"product_tag":[],"_links":{"self":[{"href":"https:\/\/www.sopha-sahara.com\/en\/wp-json\/wp\/v2\/product\/23780"}],"collection":[{"href":"https:\/\/www.sopha-sahara.com\/en\/wp-json\/wp\/v2\/product"}],"about":[{"href":"https:\/\/www.sopha-sahara.com\/en\/wp-json\/wp\/v2\/types\/product"}],"wp:featuredmedia":[{"embeddable":true,"href":"https:\/\/www.sopha-sahara.com\/en\/wp-json\/wp\/v2\/media\/23811"}],"wp:attachment":[{"href":"https:\/\/www.sopha-sahara.com\/en\/wp-json\/wp\/v2\/media?parent=23780"}],"wp:term":[{"taxonomy":"product_cat","embeddable":true,"href":"https:\/\/www.sopha-sahara.com\/en\/wp-json\/wp\/v2\/product_cat?post=23780"},{"taxonomy":"product_tag","embeddable":true,"href":"https:\/\/www.sopha-sahara.com\/en\/wp-json\/wp\/v2\/product_tag?post=23780"}],"curies":[{"name":"wp","href":"https:\/\/api.w.org\/{rel}","templated":true}]}}