{"id":23779,"date":"2020-12-15T12:25:30","date_gmt":"2020-12-15T11:25:30","guid":{"rendered":"https:\/\/www.interbusinesschamber.com\/produit\/vichy-dercos-kera-solutions-shampoiing-reconstituant-250ml\/"},"modified":"2020-12-30T11:50:48","modified_gmt":"2020-12-30T10:50:48","slug":"vichy-dercos-kera-solutions-shampoiing-reconstituant-250ml","status":"publish","type":"product","link":"https:\/\/www.sopha-sahara.com\/en\/product\/vichy-dercos-kera-solutions-shampoiing-reconstituant-250ml\/","title":{"rendered":"VICHY DERCOS KERA-SOLUTIONS SHAMPOIING RECONSTITUANT 250ML"},"content":{"rendered":"<p><strong>composition\u00a0<\/strong><\/p>\n<p>AQUA \/ WATER - SODIUM LAURETH SULFATE - COCAMIDOPROPYL BETAINE - DIMETHICONE - SODIUM CHLORIDE - PARFUM \/ FRAGRANCE - ACETIC ACID - ALLANTOIN - AMODIMETHICONE - CARBOMER - CI 77891 \/ TITANIUM DIOXIDE - CITRIC ACID - COCO-BETAINE - COCOS NUCIFERA OIL \/ COCONUT OIL - FUMARIC ACID - GLYCOL DISTEARATE - GUAR HYDROXYPROPYLTRIMONIUM CHLORIDE - HEXYLENE GLYCOL - HYDROLYZED CORN PROTEIN - HYDROLYZED SOY PROTEIN - HYDROLYZED WHEAT PROTEIN - MICA - PEG-100 STEARATE - PHENOXYETHANOL - SALICYLIC ACID - SODIUM BENZOATE - SODIUM HYDROXIDE - STEARETH-6 - TRIDECETH-10 - TRIDECETH-3<\/p>","protected":false},"excerpt":{"rendered":"<p>Le Shampooing Reconstituant associe une formule micro-comblante* au COMPLEXE PRO-K\u00c9RATINE pour r\u00e9parer les cheveux d\u00e8s la premi\u00e8re utilisation. Associ\u00e9 au Masque 2 min. R\u00e9parateur Kera-Solutions, il r\u00e9duit imm\u00e9diatement de -60% les cheveux ab\u00eem\u00e9s1.<\/p>\n<p>-R\u00c9PARE LES CHEVEUX D\u00c8S LA PREMI\u00c8RE UTILISATION<br \/>-NOURRIT LA FIBRE CAPILLAIRE<br \/>-N&rsquo;ALOURDIT PAS LES CHEVEUX<br \/>-D\u00c9M\u00c8LE<br \/>-DOUCEUR ET BRILLANCE DES CHEVEUX<\/p>\n<p>Appliquer le shampooing sur le cuir chevelu &amp; sur cheveux mouill\u00e9s. Masser d\u00e9licatement puis rincer.<\/p>","protected":false},"featured_media":23812,"template":"","meta":{"arc_restricted_post":false},"product_cat":[48,334],"product_tag":[],"_links":{"self":[{"href":"https:\/\/www.sopha-sahara.com\/en\/wp-json\/wp\/v2\/product\/23779"}],"collection":[{"href":"https:\/\/www.sopha-sahara.com\/en\/wp-json\/wp\/v2\/product"}],"about":[{"href":"https:\/\/www.sopha-sahara.com\/en\/wp-json\/wp\/v2\/types\/product"}],"wp:featuredmedia":[{"embeddable":true,"href":"https:\/\/www.sopha-sahara.com\/en\/wp-json\/wp\/v2\/media\/23812"}],"wp:attachment":[{"href":"https:\/\/www.sopha-sahara.com\/en\/wp-json\/wp\/v2\/media?parent=23779"}],"wp:term":[{"taxonomy":"product_cat","embeddable":true,"href":"https:\/\/www.sopha-sahara.com\/en\/wp-json\/wp\/v2\/product_cat?post=23779"},{"taxonomy":"product_tag","embeddable":true,"href":"https:\/\/www.sopha-sahara.com\/en\/wp-json\/wp\/v2\/product_tag?post=23779"}],"curies":[{"name":"wp","href":"https:\/\/api.w.org\/{rel}","templated":true}]}}