{"id":23778,"date":"2020-12-15T12:25:30","date_gmt":"2020-12-15T11:25:30","guid":{"rendered":"https:\/\/www.interbusinesschamber.com\/produit\/vichy-dercos-nutrients-apres-shampooing-vitamin-a-c-e200ml\/"},"modified":"2020-12-30T11:53:36","modified_gmt":"2020-12-30T10:53:36","slug":"vichy-dercos-nutrients-apres-shampooing-vitamin-a-c-e200ml","status":"publish","type":"product","link":"https:\/\/www.sopha-sahara.com\/en\/product\/vichy-dercos-nutrients-apres-shampooing-vitamin-a-c-e200ml\/","title":{"rendered":"VICHY DERCOS NUTRIENTS APRES SHAMPOOING VITAMIN A.C.E200ML"},"content":{"rendered":"<div><strong>CONSEILS D'UTILISATION :<\/strong><\/div>\n<div>\n<div>Appliquer g\u00e9n\u00e9reusement, masser et laisser agir, rincer. En cas de contact avec les yeux, rincer imm\u00e9diatement et soigneusement.<\/div>\n<div>Usage Fr\u00e9quent<\/div>\n<\/div>","protected":false},"excerpt":{"rendered":"<div>Sa formule, associant la baie d&rsquo;a\u00e7a\u00ef \u00e9nergisante et l&rsquo;aloe vera hydratant \u00e0 une base lavante d&rsquo;origine v\u00e9g\u00e9tale, assure la brillance et la douceur des cheveux.<\/div>\n<div>Pour les femmes aux cheveux ternes et fatigu\u00e9s, expos\u00e9es au stress et \u00e0 la fatigue.<\/div>\n<div>-FLUIDIT\u00c9, \u00c9CLAT ET BRILLANCE LONGUE DUR\u00c9E<\/div>\n<div>-FACILITE LE D\u00c9M\u00caLAGE<\/div>\n<div>-CHEVEUX PLUS DOUX<\/div>\n<div>-SANS SILICONE<\/div>\n<div>&#8211; SANS SULFATE SODIUM LAURYL<\/div>\n<div>\u00a0<\/div>","protected":false},"featured_media":23815,"template":"","meta":{"arc_restricted_post":false},"product_cat":[48,334],"product_tag":[],"_links":{"self":[{"href":"https:\/\/www.sopha-sahara.com\/en\/wp-json\/wp\/v2\/product\/23778"}],"collection":[{"href":"https:\/\/www.sopha-sahara.com\/en\/wp-json\/wp\/v2\/product"}],"about":[{"href":"https:\/\/www.sopha-sahara.com\/en\/wp-json\/wp\/v2\/types\/product"}],"wp:featuredmedia":[{"embeddable":true,"href":"https:\/\/www.sopha-sahara.com\/en\/wp-json\/wp\/v2\/media\/23815"}],"wp:attachment":[{"href":"https:\/\/www.sopha-sahara.com\/en\/wp-json\/wp\/v2\/media?parent=23778"}],"wp:term":[{"taxonomy":"product_cat","embeddable":true,"href":"https:\/\/www.sopha-sahara.com\/en\/wp-json\/wp\/v2\/product_cat?post=23778"},{"taxonomy":"product_tag","embeddable":true,"href":"https:\/\/www.sopha-sahara.com\/en\/wp-json\/wp\/v2\/product_tag?post=23778"}],"curies":[{"name":"wp","href":"https:\/\/api.w.org\/{rel}","templated":true}]}}