{"id":23777,"date":"2020-12-15T12:25:29","date_gmt":"2020-12-15T11:25:29","guid":{"rendered":"https:\/\/www.interbusinesschamber.com\/produit\/vichy-dercos-nutrients-baume-detox-200ml\/"},"modified":"2020-12-30T11:58:19","modified_gmt":"2020-12-30T10:58:19","slug":"vichy-dercos-nutrients-baume-detox-200ml","status":"publish","type":"product","link":"https:\/\/www.sopha-sahara.com\/en\/product\/vichy-dercos-nutrients-baume-detox-200ml\/","title":{"rendered":"VICHY DERCOS NUTRIENTS BAUME DETOX 200ML"},"content":{"rendered":"<div><strong>CONSEILS D'UTILISATION :<\/strong><\/div>\n<div>\n<div>Appliquer g\u00e9n\u00e9reusement, masser, laisser agir 1 minute, rincer. En cas de contact avec les yeux, rincez imm\u00e9diatement et abondamment.<\/div>\n<div>Usage Fr\u00e9quent<\/div>\n<\/div>","protected":false},"excerpt":{"rendered":"<div>Baume l\u00e9g\u00e8ret\u00e9 pour cheveux regraissant vite. Pour les femmes expos\u00e9es \u00e0 la pollution quotidienne, qui affecte la production de s\u00e9bum<\/div>\n<div>-FACILITE LE D\u00c9M\u00caLAGE<\/div>\n<div>-CHEVEUX L\u00c9GERS<\/div>\n<div>-SANS SILICONE POUR UN TOUCHER NATUREL<\/div>\n<div>-SANS SULFATE SODIUM LAURYL<\/div>","protected":false},"featured_media":23891,"template":"","meta":{"arc_restricted_post":false},"product_cat":[48,334],"product_tag":[],"_links":{"self":[{"href":"https:\/\/www.sopha-sahara.com\/en\/wp-json\/wp\/v2\/product\/23777"}],"collection":[{"href":"https:\/\/www.sopha-sahara.com\/en\/wp-json\/wp\/v2\/product"}],"about":[{"href":"https:\/\/www.sopha-sahara.com\/en\/wp-json\/wp\/v2\/types\/product"}],"wp:featuredmedia":[{"embeddable":true,"href":"https:\/\/www.sopha-sahara.com\/en\/wp-json\/wp\/v2\/media\/23891"}],"wp:attachment":[{"href":"https:\/\/www.sopha-sahara.com\/en\/wp-json\/wp\/v2\/media?parent=23777"}],"wp:term":[{"taxonomy":"product_cat","embeddable":true,"href":"https:\/\/www.sopha-sahara.com\/en\/wp-json\/wp\/v2\/product_cat?post=23777"},{"taxonomy":"product_tag","embeddable":true,"href":"https:\/\/www.sopha-sahara.com\/en\/wp-json\/wp\/v2\/product_tag?post=23777"}],"curies":[{"name":"wp","href":"https:\/\/api.w.org\/{rel}","templated":true}]}}