{"id":23775,"date":"2020-12-15T12:25:29","date_gmt":"2020-12-15T11:25:29","guid":{"rendered":"https:\/\/www.interbusinesschamber.com\/produit\/vichy-dercos-nutrients-shampooing-detox-250ml\/"},"modified":"2020-12-30T11:59:26","modified_gmt":"2020-12-30T10:59:26","slug":"vichy-dercos-nutrients-shampooing-detox-250ml","status":"publish","type":"product","link":"https:\/\/www.sopha-sahara.com\/en\/product\/vichy-dercos-nutrients-shampooing-detox-250ml\/","title":{"rendered":"VICHY DERCOS NUTRIENTS SHAMPOOING DETOX 250ML"},"content":{"rendered":"<div><strong>CONSEILS D'UTILISATION :<\/strong><\/div>\n<div>\n<div>Appliquer g\u00e9n\u00e9reusement, masser, puis rincer. En cas de contact avec les yeux, rincer imm\u00e9diatement et abondamment.Usage Fr\u00e9quent<\/div>\n<\/div>","protected":false},"excerpt":{"rendered":"<div>Sa formule, associant la spiruline d\u00e9tox et le charbon assainissant \u00e0 une base lavante douce d&rsquo;origine v\u00e9g\u00e9tale, rafra\u00eechit le cuir chevelu, nettoie les particules de pollution et garantit une chevelure l\u00e9g\u00e8re.<\/div>\n<div>Pour les femmes expos\u00e9es \u00e0 la pollution quotidienne, qui affecte la production de s\u00e9bum.<\/div>\n<div>-BASE LAVANTE DOUCE<\/div>\n<div>-ELIMINE LES PARTICULES DE POLLUTION<\/div>\n<div>-RAFRA\u00ceCHIT LE CUIR CHEVELU<\/div>\n<div>-CHEVELURE L\u00c9G\u00c8RE<\/div>\n<div>-SANS SILICONE POUR UN TOUCHER NATUREL<\/div>\n<div>&#8211; SANS SULFATE SODIUM LAURYL<\/div>\n<div>\u00a0<\/div>","protected":false},"featured_media":23817,"template":"","meta":{"arc_restricted_post":false},"product_cat":[48,334],"product_tag":[],"_links":{"self":[{"href":"https:\/\/www.sopha-sahara.com\/en\/wp-json\/wp\/v2\/product\/23775"}],"collection":[{"href":"https:\/\/www.sopha-sahara.com\/en\/wp-json\/wp\/v2\/product"}],"about":[{"href":"https:\/\/www.sopha-sahara.com\/en\/wp-json\/wp\/v2\/types\/product"}],"wp:featuredmedia":[{"embeddable":true,"href":"https:\/\/www.sopha-sahara.com\/en\/wp-json\/wp\/v2\/media\/23817"}],"wp:attachment":[{"href":"https:\/\/www.sopha-sahara.com\/en\/wp-json\/wp\/v2\/media?parent=23775"}],"wp:term":[{"taxonomy":"product_cat","embeddable":true,"href":"https:\/\/www.sopha-sahara.com\/en\/wp-json\/wp\/v2\/product_cat?post=23775"},{"taxonomy":"product_tag","embeddable":true,"href":"https:\/\/www.sopha-sahara.com\/en\/wp-json\/wp\/v2\/product_tag?post=23775"}],"curies":[{"name":"wp","href":"https:\/\/api.w.org\/{rel}","templated":true}]}}