{"id":23774,"date":"2020-12-15T12:25:26","date_gmt":"2020-12-15T11:25:26","guid":{"rendered":"https:\/\/www.interbusinesschamber.com\/produit\/vichy-dercos-shampooing-nutri-protein-250ml\/"},"modified":"2020-12-30T12:05:34","modified_gmt":"2020-12-30T11:05:34","slug":"vichy-dercos-shampooing-nutri-protein-250ml","status":"publish","type":"product","link":"https:\/\/www.sopha-sahara.com\/en\/product\/vichy-dercos-shampooing-nutri-protein-250ml\/","title":{"rendered":"VICHY DERCOS SHAMPOOING NUTRI PROTEIN 250ML"},"content":{"rendered":"<div>\u00a0<\/div>\n<div><strong>CONSEILS D'UTILISATION :<\/strong><\/div>\n<div>\n<div>Sur cheveux lav\u00e9s et essor\u00e9s, appliquer g\u00e9n\u00e9reusement sur les longueurs, masser et laisser agir 5 minutes, rincer soigneusement. En cas de contact avec les yeux, rincer imm\u00e9diatement et soigneusement<\/div>\n<div>Utilisation 2 \u00e0 3 fois par semaine<\/div>\n<\/div>","protected":false},"excerpt":{"rendered":"<div>Sa formule, associant l&rsquo;huile de pracaxi nourrissante et le son de quinoa \u00e0 une base lavante douce d&rsquo;origine v\u00e9g\u00e9tale, agit directement sur la fibre capillaire, pour des cheveux r\u00e9par\u00e9s, nourris et lumineux.<\/div>\n<div>\u00a0<\/div>\n<div>Pour les femmes aux cheveux secs<\/div>\n<div>-BASE LAVANTE DOUCE<\/div>\n<div>-CHEVEUX NOURRIS<\/div>\n<div>-FIBRE CAPILLAIRE ASSOUPLIE<\/div>\n<div>-EFFET SOIE : CHEVELURE DOUCE ET LUMINEUSE<\/div>\n<div>-SANS SILICONE POUR UN TOUCHER NATUREL<\/div>\n<div>&#8211; SANS SULFATE SODIUM LAURYL<\/div>","protected":false},"featured_media":23822,"template":"","meta":{"arc_restricted_post":false},"product_cat":[48,334],"product_tag":[],"_links":{"self":[{"href":"https:\/\/www.sopha-sahara.com\/en\/wp-json\/wp\/v2\/product\/23774"}],"collection":[{"href":"https:\/\/www.sopha-sahara.com\/en\/wp-json\/wp\/v2\/product"}],"about":[{"href":"https:\/\/www.sopha-sahara.com\/en\/wp-json\/wp\/v2\/types\/product"}],"wp:featuredmedia":[{"embeddable":true,"href":"https:\/\/www.sopha-sahara.com\/en\/wp-json\/wp\/v2\/media\/23822"}],"wp:attachment":[{"href":"https:\/\/www.sopha-sahara.com\/en\/wp-json\/wp\/v2\/media?parent=23774"}],"wp:term":[{"taxonomy":"product_cat","embeddable":true,"href":"https:\/\/www.sopha-sahara.com\/en\/wp-json\/wp\/v2\/product_cat?post=23774"},{"taxonomy":"product_tag","embeddable":true,"href":"https:\/\/www.sopha-sahara.com\/en\/wp-json\/wp\/v2\/product_tag?post=23774"}],"curies":[{"name":"wp","href":"https:\/\/api.w.org\/{rel}","templated":true}]}}