{"id":23773,"date":"2020-12-15T12:25:26","date_gmt":"2020-12-15T11:25:26","guid":{"rendered":"https:\/\/www.interbusinesschamber.com\/produit\/vichy-dercos-nutrients-shampooing-vitamin-a-c-e-250ml\/"},"modified":"2020-12-30T12:01:33","modified_gmt":"2020-12-30T11:01:33","slug":"vichy-dercos-nutrients-shampooing-vitamin-a-c-e-250ml","status":"publish","type":"product","link":"https:\/\/www.sopha-sahara.com\/en\/product\/vichy-dercos-nutrients-shampooing-vitamin-a-c-e-250ml\/","title":{"rendered":"VICHY DERCOS NUTRIENTS SHAMPOOING VITAMIN A.C.E 250ML"},"content":{"rendered":"<div id=\"page\" class=\"container_9 clearfix\">\n<div id=\"columns\" class=\"grid_9 alpha omega clearfix\">\n<div id=\"center_column\">\n<div id=\"category_produit\">\n<div id=\"more_info_block\" class=\"clear\">\n<div id=\"more_info_sheets\" class=\"sheets align_justify\">\n<div id=\"idTab1\" class=\"rte\">\n<div><strong>CONSEILS D'UTILISATION :<\/strong><br \/>Appliquer g\u00e9n\u00e9reusement, masser, laisser agir, rincer. En cas de contact avec les yeux, rincer imm\u00e9diatement et abondamment.<\/div>\n<\/div>\n<\/div>\n<\/div>\n<\/div>\n<\/div>\n<div id=\"right_column\" class=\"column grid_2 omega\">\u00a0<\/div>\n<\/div>\n<\/div>\n<div id=\"footer\" class=\"grid_9 alpha omega clearfix\">\n<div id=\"sous_footer\">\n<div id=\"block_various_links_footer\" class=\"block_various_links\">\u00a0<\/div>\n<\/div>\n<\/div>","protected":false},"excerpt":{"rendered":"<div>Sa formule, associant la baie d&rsquo;a\u00e7a\u00ef \u00e9nergisante et l&rsquo;aloe vera hydratant \u00e0 une base lavante d&rsquo;origine v\u00e9g\u00e9tale, assure la brillance et la douceur des cheveux.<\/div>\n<div>Pour les femmes aux cheveux ternes et cassants expos\u00e9es au stress et \u00e0 la fatigue.<\/div>\n<div>-BASE LAVANTE DOUCE<\/div>\n<div>-CHEVEUX BRILLANTS<\/div>\n<div>-EFFET MIROIR<\/div>\n<div>-CHEVEUX HYDRAT\u00c9S<\/div>\n<div>-ECLAT ET DOUCEUR<\/div>\n<div>-SANS SILICONE POUR UN TOUCHER NATUREL<\/div>\n<div>&#8211; SANS SULFATE SODIUM LAURYL<\/div>\n<div>\u00a0<\/div>","protected":false},"featured_media":23819,"template":"","meta":{"arc_restricted_post":false},"product_cat":[48,334],"product_tag":[],"_links":{"self":[{"href":"https:\/\/www.sopha-sahara.com\/en\/wp-json\/wp\/v2\/product\/23773"}],"collection":[{"href":"https:\/\/www.sopha-sahara.com\/en\/wp-json\/wp\/v2\/product"}],"about":[{"href":"https:\/\/www.sopha-sahara.com\/en\/wp-json\/wp\/v2\/types\/product"}],"wp:featuredmedia":[{"embeddable":true,"href":"https:\/\/www.sopha-sahara.com\/en\/wp-json\/wp\/v2\/media\/23819"}],"wp:attachment":[{"href":"https:\/\/www.sopha-sahara.com\/en\/wp-json\/wp\/v2\/media?parent=23773"}],"wp:term":[{"taxonomy":"product_cat","embeddable":true,"href":"https:\/\/www.sopha-sahara.com\/en\/wp-json\/wp\/v2\/product_cat?post=23773"},{"taxonomy":"product_tag","embeddable":true,"href":"https:\/\/www.sopha-sahara.com\/en\/wp-json\/wp\/v2\/product_tag?post=23773"}],"curies":[{"name":"wp","href":"https:\/\/api.w.org\/{rel}","templated":true}]}}