{"id":23772,"date":"2020-12-15T12:25:25","date_gmt":"2020-12-15T11:25:25","guid":{"rendered":"https:\/\/www.interbusinesschamber.com\/produit\/vichy-liftactiv-supreme-nuit-50ml\/"},"modified":"2020-12-30T12:48:09","modified_gmt":"2020-12-30T11:48:09","slug":"vichy-liftactiv-supreme-nuit-50ml","status":"publish","type":"product","link":"https:\/\/www.sopha-sahara.com\/en\/product\/vichy-liftactiv-supreme-nuit-50ml\/","title":{"rendered":"VICHY LIFTACTIV SUPREME NUIT 50ML"},"content":{"rendered":"","protected":false},"excerpt":{"rendered":"<p>Le soin anti-rides nuit et fermet\u00e9 int\u00e9gral pour un effet lifting durable.<br \/>Pour toutes les femmes, d\u00e8s 40 ans, qui veulent une action int\u00e9grale contre les rides, m\u00eame profondes, la perte de fermet\u00e9, mais aussi contre le vieillissement de la texture de leur peau. Efficacit\u00e9<br \/>Apr\u00e8s 10 ans de Recherche, Vichy d\u00e9couvre le pouvoir du DERME SOURCE, la couche du derme qui commande \u00e0 elle seule la r\u00e9g\u00e9n\u00e9ration de toute la peau. Apr\u00e8s un screening de plus de 50 mol\u00e9cules anti-\u00e2ge, la Recherche Vichy a s\u00e9lectionn\u00e9 le Rhamnose, un actif d&rsquo;origine v\u00e9g\u00e9tale hautement concentr\u00e9 \u00e0 une dose exceptionnelle de 5% pour cibler le Derme Source. Son efficacit\u00e9 anti-\u00e2ge a \u00e9t\u00e9 d\u00e9montr\u00e9e gr\u00e2ce \u00e0 un protocole de tests inspir\u00e9 par la recherche m\u00e9dicale et couronn\u00e9e par 7 brevets.<br \/>Aujourd&rsquo;hui, les Laboratoires Vichy vous propose Liftactiv Technologie Derme Source, le meilleur de la science pour votre peau.<br \/>Repoussez les limites de l&rsquo;\u00e2ge avec Liftactiv Soin Nuit et d\u00e9couvrez une peau resplendissante de jeunesse.<\/p>\n<p>Appliquez chaque soir sur le visage.<\/p>","protected":false},"featured_media":23865,"template":"","meta":{"arc_restricted_post":false},"product_cat":[48,334],"product_tag":[],"_links":{"self":[{"href":"https:\/\/www.sopha-sahara.com\/en\/wp-json\/wp\/v2\/product\/23772"}],"collection":[{"href":"https:\/\/www.sopha-sahara.com\/en\/wp-json\/wp\/v2\/product"}],"about":[{"href":"https:\/\/www.sopha-sahara.com\/en\/wp-json\/wp\/v2\/types\/product"}],"wp:featuredmedia":[{"embeddable":true,"href":"https:\/\/www.sopha-sahara.com\/en\/wp-json\/wp\/v2\/media\/23865"}],"wp:attachment":[{"href":"https:\/\/www.sopha-sahara.com\/en\/wp-json\/wp\/v2\/media?parent=23772"}],"wp:term":[{"taxonomy":"product_cat","embeddable":true,"href":"https:\/\/www.sopha-sahara.com\/en\/wp-json\/wp\/v2\/product_cat?post=23772"},{"taxonomy":"product_tag","embeddable":true,"href":"https:\/\/www.sopha-sahara.com\/en\/wp-json\/wp\/v2\/product_tag?post=23772"}],"curies":[{"name":"wp","href":"https:\/\/api.w.org\/{rel}","templated":true}]}}