{"id":23769,"date":"2020-12-15T12:25:25","date_gmt":"2020-12-15T11:25:25","guid":{"rendered":"https:\/\/www.interbusinesschamber.com\/produit\/vichy-dermablend-sos-coverstick-16h-nude-25\/"},"modified":"2020-12-30T12:30:31","modified_gmt":"2020-12-30T11:30:31","slug":"vichy-dermablend-sos-coverstick-16h-nude-25","status":"publish","type":"product","link":"https:\/\/www.sopha-sahara.com\/en\/product\/vichy-dermablend-sos-coverstick-16h-nude-25\/","title":{"rendered":"VICHY DERMABLEND SOS COVERSTICK 16H NUDE 25"},"content":{"rendered":"<div><strong>CONSEILS D'UTILISATION :<\/strong><\/div>\n<div>\n<div>Appliquer sur peau propre, en utilisant une cr\u00e8me hydratante au pr\u00e9alable.\u00a0<\/div>\n<div>\u00a0<\/div>\n<div>1. Tapoter le stick directement sur la zone \u00e0 corriger, par de l\u00e9g\u00e8res touches.\u00a0<\/div>\n<div>2. Etaler et estomper le produit sur votre peau par de l\u00e9gers tapotements des doigts.<\/div>\n<div>3. En fonction du d\u00e9faut \u00e0 corriger, vous pouvez appliquer plusieurs couches.<\/div>\n<\/div>\n<div>\u00a0<\/div>","protected":false},"excerpt":{"rendered":"<div>Stick correcteur tr\u00e8s haute couvrance avec une texture ultra-cr\u00e9meuse, pour une correction des imperfections localis\u00e9es et s\u00e9v\u00e8res. Sans effet masque. Tenue confort longue dur\u00e9e. R\u00e9duit visiblement les cernes fonc\u00e9s, taches, rougeurs, marques de cicatrices et br\u00fblures.<\/div>\n<div>Pour les femmes qui veulent cacher leurs imperfections cutan\u00e9es de\u00a0mani\u00e8re localis\u00e9e.<\/div>\n<div>\n<div>La formule DERMABLEND du SOS Coverstick corrige imm\u00e9diatement tous les d\u00e9fauts cutan\u00e9s m\u00eame s\u00e9v\u00e8res sans effet masque. Il peut s\u2019utiliser en couches multiples.<\/div>\n<div>Ultra-r\u00e9sistant y compris \u00e0 l\u2019eau. Longue tenue 16h*.\u00a0\u00a0<\/div>\n<div>\u00a0<\/div>\n<div>Sa texture cr\u00e8meuse enrichie en cire de Carnoba et d&rsquo;abeille ainsi qu&rsquo;en huile l\u00e9g\u00e8re permet une application facile et un r\u00e9sultat longue tenue ultra confortable. De plus, l&rsquo;allantoine permet d&rsquo;apaiser rougeurs et irritations.\u00a0<\/div>\n<div>\u00a0<\/div>\n<div>SOS Coverstick poss\u00e8de \u00e9galement un indice de protection solaire SPF25 pour prot\u00e9ger votre peau des rayons du soleil.\u00a0<\/div>\n<div>\u00a0<\/div>\n<div>Gr\u00e2ce aux 3 teintes propos\u00e9es, chaque peau peut profiter d\u2019un stick correcteur adapt\u00e9 \u00e0 sa carnation.<\/div>\n<div>\u00a0<\/div>\n<div>Test\u00e9 sur peaux sensibles &#8211; Hypoallerg\u00e9nique &#8211; Non com\u00e9dog\u00e8ne &#8211; Sans paraben.\u00a0<\/div>\n<div>\u00a0<\/div>\n<div>Ne pas appliquer sur une plaie non cicatris\u00e9e.<\/div>\n<\/div>\n<div>\u00a0<\/div>\n<div>Plaisir :<\/div>\n<div>\n<div>Application facile et r\u00e9sultat confortable gr\u00e2ce \u00e0 sa formule ultra cr\u00e9meuse<\/div>\n<\/div>","protected":false},"featured_media":23844,"template":"","meta":{"arc_restricted_post":false},"product_cat":[48,334],"product_tag":[],"_links":{"self":[{"href":"https:\/\/www.sopha-sahara.com\/en\/wp-json\/wp\/v2\/product\/23769"}],"collection":[{"href":"https:\/\/www.sopha-sahara.com\/en\/wp-json\/wp\/v2\/product"}],"about":[{"href":"https:\/\/www.sopha-sahara.com\/en\/wp-json\/wp\/v2\/types\/product"}],"wp:featuredmedia":[{"embeddable":true,"href":"https:\/\/www.sopha-sahara.com\/en\/wp-json\/wp\/v2\/media\/23844"}],"wp:attachment":[{"href":"https:\/\/www.sopha-sahara.com\/en\/wp-json\/wp\/v2\/media?parent=23769"}],"wp:term":[{"taxonomy":"product_cat","embeddable":true,"href":"https:\/\/www.sopha-sahara.com\/en\/wp-json\/wp\/v2\/product_cat?post=23769"},{"taxonomy":"product_tag","embeddable":true,"href":"https:\/\/www.sopha-sahara.com\/en\/wp-json\/wp\/v2\/product_tag?post=23769"}],"curies":[{"name":"wp","href":"https:\/\/api.w.org\/{rel}","templated":true}]}}