{"id":23766,"date":"2020-12-15T12:25:24","date_gmt":"2020-12-15T11:25:24","guid":{"rendered":"https:\/\/www.interbusinesschamber.com\/produit\/vichy-dermablend-fond-de-teint-compact-creme-correcteur-12-h-nude-25\/"},"modified":"2020-12-30T12:27:17","modified_gmt":"2020-12-30T11:27:17","slug":"vichy-dermablend-fond-de-teint-compact-creme-correcteur-12-h-nude-25","status":"publish","type":"product","link":"https:\/\/www.sopha-sahara.com\/en\/product\/vichy-dermablend-fond-de-teint-compact-creme-correcteur-12-h-nude-25\/","title":{"rendered":"VICHY DERMABLEND FOND DE TEINT COMPACT CR\u00c8ME CORRECTEUR 12 H NUDE 25"},"content":{"rendered":"","protected":false},"excerpt":{"rendered":"<p>Un fond de teint haute couvrance pour les peaux normales \u00e0 s\u00e8ches avec une texture cr\u00e8me \u00e9tirable, facile \u00e0 appliquer. Waterproof, il r\u00e9siste \u00e0 la trasnpiration et assure un teint instantan\u00e9ment radieux et lumineux.<\/p>\n<p>Nettoyez soigneusement la peau et appliquez votre cr\u00e8me hydratante habituelle avant d&rsquo;appliquer du maquillage.<\/p>\n<p>1 &#8211; Je pr\u00e9pare<br \/>Selon la taille de l&rsquo;imperfection de la peau que vous souhaitez corriger, appliquez le produit avec une \u00e9ponge en faisant de petits mouvements circulaires.<\/p>\n<p>2 &#8211; J&rsquo;applique et je m\u00e9lange<br \/>Tapotez doucement avec l&rsquo;\u00e9ponge et \u00e9tirez le produit du centre du visage vers l&rsquo;ext\u00e9rieur pour une application uniforme et rapide.<\/p>\n<p>3 &#8211; Je renforce<br \/>Selon la taille de l&rsquo;imperfection de la peau que vous souhaitez corriger, r\u00e9appliquez le produit sur l&rsquo;imperfection en tapottant une seconde fois<\/p>","protected":false},"featured_media":23838,"template":"","meta":{"arc_restricted_post":false},"product_cat":[48,334],"product_tag":[],"_links":{"self":[{"href":"https:\/\/www.sopha-sahara.com\/en\/wp-json\/wp\/v2\/product\/23766"}],"collection":[{"href":"https:\/\/www.sopha-sahara.com\/en\/wp-json\/wp\/v2\/product"}],"about":[{"href":"https:\/\/www.sopha-sahara.com\/en\/wp-json\/wp\/v2\/types\/product"}],"wp:featuredmedia":[{"embeddable":true,"href":"https:\/\/www.sopha-sahara.com\/en\/wp-json\/wp\/v2\/media\/23838"}],"wp:attachment":[{"href":"https:\/\/www.sopha-sahara.com\/en\/wp-json\/wp\/v2\/media?parent=23766"}],"wp:term":[{"taxonomy":"product_cat","embeddable":true,"href":"https:\/\/www.sopha-sahara.com\/en\/wp-json\/wp\/v2\/product_cat?post=23766"},{"taxonomy":"product_tag","embeddable":true,"href":"https:\/\/www.sopha-sahara.com\/en\/wp-json\/wp\/v2\/product_tag?post=23766"}],"curies":[{"name":"wp","href":"https:\/\/api.w.org\/{rel}","templated":true}]}}