{"id":23761,"date":"2020-12-15T12:25:22","date_gmt":"2020-12-15T11:25:22","guid":{"rendered":"https:\/\/www.interbusinesschamber.com\/produit\/vichy-dercos-densi-solution-lotion-100-ml\/"},"modified":"2020-12-30T11:45:34","modified_gmt":"2020-12-30T10:45:34","slug":"vichy-dercos-densi-solution-lotion-100-ml","status":"publish","type":"product","link":"https:\/\/www.sopha-sahara.com\/en\/product\/vichy-dercos-densi-solution-lotion-100-ml\/","title":{"rendered":"VICHY DERCOS DENSI-SOLUTION LOTION 100 ML"},"content":{"rendered":"<p><strong>EFFICACIT\u00c9 ET TOL\u00c9RANCE<\/strong><\/p>\n<p>D\u00e8s 2 semaines d\u2019application, 80% des personnes sentent une chevelure plus dense, 91% des personnes des cheveux plus forts*.<\/p>\n<p>D\u00e8s 6 semaines, la chevelure est plus dense**.<\/p>\n<p>Test\u00e9 sous contr\u00f4le dermatologique, ce concentr\u00e9 est adapt\u00e9 aux cuirs chevelus sensibles.<\/p>\n<p>* Test consommateur \u2013pourcentage de satisfaction \u2013 shampooing + baume + soin concentr\u00e9 - 176 sujets - 2 semaines<\/p>\n<p>** Etude clinique - 79 femmes - 6 semaines.<\/p>\n<p>Sans parabens.<\/p>\n<p>Sans silicone.<\/p>\n<p>Sans colorants.<\/p>\n<p><strong>APPLICATION<\/strong><\/p>\n<p>1.Diviser vos cheveux en 4 sections<\/p>\n<p>2.Appliquer 5 pressions raies par raies dans chaque section pour r\u00e9partir le produit sur l\u2019ensemble du cuir chevelu<\/p>\n<p>3.Masser pour faire p\u00e9n\u00e9trer le produit et stimuler le cuir chevelu<\/p>\n<p>4.Ne pas rincer<\/p>\n<p>5.Appliquer une fois par jour sur cheveux secs ou essor\u00e9s pendant 6 semaines<\/p>","protected":false},"excerpt":{"rendered":"<p>Une lotion qui agit au niveau du cuir chevelu pour multiplier le nombre de cheveux, pour une chevelure visiblement plus dense et plus forte.<\/p>\n<p>Pour les femmes concern\u00e9es par la perte de masse capillaire. Cette perte est identifiable par une diminution de la r\u00e9sistance capillaire (le cheveu est affaibli et moins<br \/>r\u00e9sistant), une diminution de l\u2019\u00e9paisseur de la fibre capillaire (le cheveu para\u00eet plus fin qu\u2019avant), et par une diminution de la quantit\u00e9 de cheveux (la queue de cheval est<br \/>moins \u00e9paisse).<\/p>","protected":false},"featured_media":23807,"template":"","meta":{"arc_restricted_post":false},"product_cat":[48,334],"product_tag":[],"_links":{"self":[{"href":"https:\/\/www.sopha-sahara.com\/en\/wp-json\/wp\/v2\/product\/23761"}],"collection":[{"href":"https:\/\/www.sopha-sahara.com\/en\/wp-json\/wp\/v2\/product"}],"about":[{"href":"https:\/\/www.sopha-sahara.com\/en\/wp-json\/wp\/v2\/types\/product"}],"wp:featuredmedia":[{"embeddable":true,"href":"https:\/\/www.sopha-sahara.com\/en\/wp-json\/wp\/v2\/media\/23807"}],"wp:attachment":[{"href":"https:\/\/www.sopha-sahara.com\/en\/wp-json\/wp\/v2\/media?parent=23761"}],"wp:term":[{"taxonomy":"product_cat","embeddable":true,"href":"https:\/\/www.sopha-sahara.com\/en\/wp-json\/wp\/v2\/product_cat?post=23761"},{"taxonomy":"product_tag","embeddable":true,"href":"https:\/\/www.sopha-sahara.com\/en\/wp-json\/wp\/v2\/product_tag?post=23761"}],"curies":[{"name":"wp","href":"https:\/\/api.w.org\/{rel}","templated":true}]}}