{"id":23760,"date":"2020-12-15T12:25:22","date_gmt":"2020-12-15T11:25:22","guid":{"rendered":"https:\/\/www.interbusinesschamber.com\/produit\/vichy-liftactiv-vitamine-c-correcteur-eclair-de-peau\/"},"modified":"2020-12-30T12:52:47","modified_gmt":"2020-12-30T11:52:47","slug":"vichy-liftactiv-vitamine-c-correcteur-eclair-de-peau","status":"publish","type":"product","link":"https:\/\/www.sopha-sahara.com\/en\/product\/vichy-liftactiv-vitamine-c-correcteur-eclair-de-peau\/","title":{"rendered":"VICHY LIFTACTIV VITAMINE C CORRECTEUR ECLAIR DE PEAU"},"content":{"rendered":"<p><strong>EFFICACITE ET TOLERANCE<\/strong><\/p>\n<p>15% de vitamine C pure pour combattre les signes de fatigue de la peau.<\/p>\n<p>R\u00e9sultats*:<br \/>Imm\u00e9diatement :\u00a0<br \/>+23% de tonicit\u00e9*<\/p>\n<p>En 10 jours :\u00a0<br \/>+21% d'\u00e9clat du teint**<br \/>+71% peau plus lisse**<\/p>\n<p>Sans paraben \u2010 sans parfum. Test\u00e9 sous contr\u00f4le dermatologique.<\/p>\n<p>*mesure instrumentale au DMT sur 40 femmes caucasiennes<br \/>**scorage clinique sur 52 femmes \u2022 \u2022APPLICATION \u2022Appliquer 4 \u00e0 5 gouttes de cure anti\u2010oxydante et anti\u2010fatigue sous votre soin habituel. A utiliser tous les matins ou soirs pendant 10 jours, une seule fois par jour.<br \/>Il est recommand\u00e9 d'appliquer en compl\u00e9ment un produit de protection solaire ayant un SPF d'au moins 15. Produit actif. Ne convient pas aux peaux tr\u00e8s sensibles. Lire la notice avant utilisation.<\/p>\n<p><strong>COMPOSITON<\/strong><\/p>\n<p>AOUA\/WATER - ASCORBIC ACID - ALCOHOL DENAT. - DIPROPYLENE GLYCOL - GLYCERIN - LAURETH-23 - NEOHESPERIDIN DIHYDROCHALCONE - SODIUM HYDROXIDE - TOCOPHEROL - HYDROLYZED HYALURONIC ACID - PINUS PINASTER BARK\/BUD EXTRACT\u00a0<\/p>","protected":false},"excerpt":{"rendered":"<p>Avec 15% de Vitamine C pure, le soin Liftactivanti\u2010oxydant est la cure anti\u2010fatigue de la peau.\u00a0Instantan\u00e9ment\u00a0la peau est d\u00e9fatigu\u00e9e, tonique et plus ferme.\u00a0Apr\u00e8s 10 jours,\u00a0c\u2019est cliniquement prouv\u00e9, les ridules sont r\u00e9duites et l\u2019\u00e9clat du teint est raviv\u00e9.<br \/>Pour les femmes \u00e0 partir de 35 ans \u00e0 la recherche d&rsquo;une solution rapide pour garder une peau visiblement repos\u00e9e, lumineuse et \u00e9clatante de sant\u00e9. Id\u00e9al pour les p\u00e9riodes de stress, fatigue ou encore les changements de saison.<\/p>","protected":false},"featured_media":23868,"template":"","meta":{"arc_restricted_post":false},"product_cat":[48,334],"product_tag":[],"_links":{"self":[{"href":"https:\/\/www.sopha-sahara.com\/en\/wp-json\/wp\/v2\/product\/23760"}],"collection":[{"href":"https:\/\/www.sopha-sahara.com\/en\/wp-json\/wp\/v2\/product"}],"about":[{"href":"https:\/\/www.sopha-sahara.com\/en\/wp-json\/wp\/v2\/types\/product"}],"wp:featuredmedia":[{"embeddable":true,"href":"https:\/\/www.sopha-sahara.com\/en\/wp-json\/wp\/v2\/media\/23868"}],"wp:attachment":[{"href":"https:\/\/www.sopha-sahara.com\/en\/wp-json\/wp\/v2\/media?parent=23760"}],"wp:term":[{"taxonomy":"product_cat","embeddable":true,"href":"https:\/\/www.sopha-sahara.com\/en\/wp-json\/wp\/v2\/product_cat?post=23760"},{"taxonomy":"product_tag","embeddable":true,"href":"https:\/\/www.sopha-sahara.com\/en\/wp-json\/wp\/v2\/product_tag?post=23760"}],"curies":[{"name":"wp","href":"https:\/\/api.w.org\/{rel}","templated":true}]}}