{"id":23759,"date":"2020-12-15T12:25:22","date_gmt":"2020-12-15T11:25:22","guid":{"rendered":"https:\/\/www.interbusinesschamber.com\/produit\/vichy-normaderm-3en1-exfoliant-et-nettoyantmasque-125ml\/"},"modified":"2020-12-30T12:58:14","modified_gmt":"2020-12-30T11:58:14","slug":"vichy-normaderm-3en1-exfoliant-et-nettoyantmasque-125ml","status":"publish","type":"product","link":"https:\/\/www.sopha-sahara.com\/en\/product\/vichy-normaderm-3en1-exfoliant-et-nettoyantmasque-125ml\/","title":{"rendered":"VICHY NORMADERM 3EN1 EXFOLIANT ET NETTOYANT+MASQUE 125ML"},"content":{"rendered":"","protected":false},"excerpt":{"rendered":"<p>Un nettoyant pour 3 utilisations : Exfoliant + Nettoyant + Masque<br \/>Pour les femmes, \u00e0 la peau sensible, souffrant d&rsquo;une peau \u00e0 imperfections, de pores dilat\u00e9s.<br \/>R\u00e9sultats : Un nettoyant pour 3 utilisations<\/p>\n<p>En exfoliant\/nettoyant : faire mousser sur visage humide.<br \/>&#8211; En masque : appliquer en couche fine sur le visage et laisser poser 5 minutes.<br \/>Rincer \u00e0 l&rsquo;eau claire. Eviter le contour des yeux.<\/p>","protected":false},"featured_media":23875,"template":"","meta":{"arc_restricted_post":false},"product_cat":[48,334],"product_tag":[],"_links":{"self":[{"href":"https:\/\/www.sopha-sahara.com\/en\/wp-json\/wp\/v2\/product\/23759"}],"collection":[{"href":"https:\/\/www.sopha-sahara.com\/en\/wp-json\/wp\/v2\/product"}],"about":[{"href":"https:\/\/www.sopha-sahara.com\/en\/wp-json\/wp\/v2\/types\/product"}],"wp:featuredmedia":[{"embeddable":true,"href":"https:\/\/www.sopha-sahara.com\/en\/wp-json\/wp\/v2\/media\/23875"}],"wp:attachment":[{"href":"https:\/\/www.sopha-sahara.com\/en\/wp-json\/wp\/v2\/media?parent=23759"}],"wp:term":[{"taxonomy":"product_cat","embeddable":true,"href":"https:\/\/www.sopha-sahara.com\/en\/wp-json\/wp\/v2\/product_cat?post=23759"},{"taxonomy":"product_tag","embeddable":true,"href":"https:\/\/www.sopha-sahara.com\/en\/wp-json\/wp\/v2\/product_tag?post=23759"}],"curies":[{"name":"wp","href":"https:\/\/api.w.org\/{rel}","templated":true}]}}