{"id":23757,"date":"2020-12-15T12:25:21","date_gmt":"2020-12-15T11:25:21","guid":{"rendered":"https:\/\/www.interbusinesschamber.com\/produit\/vichy-dermablend-fond-de-teint-correcteur-30-ml-35-sand\/"},"modified":"2020-12-30T12:29:41","modified_gmt":"2020-12-30T11:29:41","slug":"vichy-dermablend-fond-de-teint-correcteur-30-ml-35-sand","status":"publish","type":"product","link":"https:\/\/www.sopha-sahara.com\/en\/product\/vichy-dermablend-fond-de-teint-correcteur-30-ml-35-sand\/","title":{"rendered":"VICHY DERMABLEND FOND DE TEINT CORRECTEUR ( 30 ML) 35 SAND"},"content":{"rendered":"<p>1. Appliquez le Fond de Teint Fluide Correcteur 16H sur le bout des doigts ou \u00e0 l'aide d'une petite \u00e9ponge, par des mouvements l\u00e9gers de l'int\u00e9rieur vers l'ext\u00e9rieur du visage. En cas de d\u00e9fauts cutan\u00e9s plus marqu\u00e9s, insistez en tapotant sur la zone concern\u00e9e puis \u00e9tirez tout autour par effleurements.<br \/>2. Fondez les contours dans le cou, pr\u00e8s des oreilles et sur le haut du front pour \u00e9viter les d\u00e9marcations.<br \/>3. R\u00e9p\u00e9tez l'application jusqu'\u00e0 obtenir la couvrance voulue.<br \/>4. Pour une couvrance 18 heures, utilisez Dermablend fixateur poudre.<\/p>","protected":false},"excerpt":{"rendered":"<p>Correcteur de teint, haute couvrance 16H<br \/>Pour les femmes qui cherchent \u00e0 corriger les d\u00e9fauts cutan\u00e9s l\u00e9gers \u00e0 mod\u00e9r\u00e9s (teint irr\u00e9gulier, cernes, rougeurs diffuses, cicatrices, etc.) Efficacit\u00e9<br \/>La formule du fond de teint fluide correcteur Dermablend allie une haute concentration en pigments pour une couvrance optimale \u00e0 une texture ultra-\u00e9tirable, si l\u00e9g\u00e8re qu&rsquo;elle fusione avec la peau pour un r\u00e9sultat tr\u00e8s naturel et un confort parfait toute la journ\u00e9e. Au contact de l\u00a0\u00bb\u00e9piderme, la texture se fluidifie, offrant une dispersion maximale de la couleur pour une couvrance parfaite des d\u00e9fauts cutan\u00e9s, sans cr\u00e9er de surcharges localis\u00e9es ni d\u00a0\u00bbeffet masque sec.<br \/>Ce fond de teint vous offre une triple action : Haute couvrance 16H + Un authentique r\u00e9sultat beaut\u00e9+ confort optimal: 24H d&rsquo;hydratation<br \/>1. Des pigments concentr\u00e9s \u00e0 30%, pour une couvrance parfaite<br \/>2. La pr\u00e9sence de pigments soft-focus pour flouter les imperfections avec un r\u00e9sultat beaut\u00e9 comparable \u00e0 celui d&rsquo;un fond de teint classique.<br \/>3. Enrichie en glycerine et en huile volatile d&rsquo;origine v\u00e9g\u00e9tale qui lui apporte glissant, fluidit\u00e9 et confort. Capable de se fluidifier avec la chaleur de la peau, sa texture cr\u00e9e une tr\u00e8s fine couche, sans marquer les rides ni laisser de film gras. Le teint est totalment unfi\u00e9 avec un fini peau nue naturel.<\/p>","protected":false},"featured_media":23842,"template":"","meta":{"arc_restricted_post":false},"product_cat":[48,334],"product_tag":[],"_links":{"self":[{"href":"https:\/\/www.sopha-sahara.com\/en\/wp-json\/wp\/v2\/product\/23757"}],"collection":[{"href":"https:\/\/www.sopha-sahara.com\/en\/wp-json\/wp\/v2\/product"}],"about":[{"href":"https:\/\/www.sopha-sahara.com\/en\/wp-json\/wp\/v2\/types\/product"}],"wp:featuredmedia":[{"embeddable":true,"href":"https:\/\/www.sopha-sahara.com\/en\/wp-json\/wp\/v2\/media\/23842"}],"wp:attachment":[{"href":"https:\/\/www.sopha-sahara.com\/en\/wp-json\/wp\/v2\/media?parent=23757"}],"wp:term":[{"taxonomy":"product_cat","embeddable":true,"href":"https:\/\/www.sopha-sahara.com\/en\/wp-json\/wp\/v2\/product_cat?post=23757"},{"taxonomy":"product_tag","embeddable":true,"href":"https:\/\/www.sopha-sahara.com\/en\/wp-json\/wp\/v2\/product_tag?post=23757"}],"curies":[{"name":"wp","href":"https:\/\/api.w.org\/{rel}","templated":true}]}}