{"id":23754,"date":"2020-12-15T12:25:21","date_gmt":"2020-12-15T11:25:21","guid":{"rendered":"https:\/\/www.interbusinesschamber.com\/produit\/vichy-deodorants-detranspirant-intensif-72h\/"},"modified":"2020-12-30T11:42:04","modified_gmt":"2020-12-30T10:42:04","slug":"vichy-deodorants-detranspirant-intensif-72h","status":"publish","type":"product","link":"https:\/\/www.sopha-sahara.com\/en\/product\/vichy-deodorants-detranspirant-intensif-72h\/","title":{"rendered":"VICHY D\u00c9ODORANTS D\u00c9TRANSPIRANT INTENSIF 72H"},"content":{"rendered":"","protected":false},"excerpt":{"rendered":"<p>L\u2019Hyper-efficacit\u00e9 anti-transpirante m\u00eame en conditions de stress.<br \/>Riche en Actifs anti-transpirants, Min\u00e9raux ultra-absorbants et Perspicalm\u2122, ce traitement anti-transpirant r\u00e9gule l\u2019afflux de chaleur et les pics de transpiration en p\u00e9riode de stress.<br \/>Prot\u00e9g\u00e9, vous vous sentez en s\u00e9curit\u00e9 toute la journ\u00e9e.<\/p>\n<p>Appliquez quotidiennement sur des aisselles propres et s\u00e8ches.<\/p>","protected":false},"featured_media":23802,"template":"","meta":{"arc_restricted_post":false},"product_cat":[48,334],"product_tag":[],"_links":{"self":[{"href":"https:\/\/www.sopha-sahara.com\/en\/wp-json\/wp\/v2\/product\/23754"}],"collection":[{"href":"https:\/\/www.sopha-sahara.com\/en\/wp-json\/wp\/v2\/product"}],"about":[{"href":"https:\/\/www.sopha-sahara.com\/en\/wp-json\/wp\/v2\/types\/product"}],"wp:featuredmedia":[{"embeddable":true,"href":"https:\/\/www.sopha-sahara.com\/en\/wp-json\/wp\/v2\/media\/23802"}],"wp:attachment":[{"href":"https:\/\/www.sopha-sahara.com\/en\/wp-json\/wp\/v2\/media?parent=23754"}],"wp:term":[{"taxonomy":"product_cat","embeddable":true,"href":"https:\/\/www.sopha-sahara.com\/en\/wp-json\/wp\/v2\/product_cat?post=23754"},{"taxonomy":"product_tag","embeddable":true,"href":"https:\/\/www.sopha-sahara.com\/en\/wp-json\/wp\/v2\/product_tag?post=23754"}],"curies":[{"name":"wp","href":"https:\/\/api.w.org\/{rel}","templated":true}]}}