{"id":23752,"date":"2020-12-15T12:25:21","date_gmt":"2020-12-15T11:25:21","guid":{"rendered":"https:\/\/www.interbusinesschamber.com\/produit\/vichy-deodorant-sans-sels-daluminium-24h-peaux-reactives\/"},"modified":"2020-12-30T11:40:54","modified_gmt":"2020-12-30T10:40:54","slug":"vichy-deodorant-sans-sels-daluminium-24h-peaux-reactives","status":"publish","type":"product","link":"https:\/\/www.sopha-sahara.com\/en\/product\/vichy-deodorant-sans-sels-daluminium-24h-peaux-reactives\/","title":{"rendered":"VICHY D\u00c9ODORANT SANS SELS D&rsquo;ALUMINIUM 24H &#8211; PEAUX R\u00c9ACTIVES"},"content":{"rendered":"","protected":false},"excerpt":{"rendered":"<p>Peau r\u00e9active. Le Roll-on d\u00e9odorant 24h toucher sec, sans sels d&rsquo;aluminium. Prot\u00e8ge votre peau de l&rsquo;humidit\u00e9 toute la journ\u00e9e sans sels d&rsquo;aluminium. Respecte parfaitement toutes les peaux, m\u00eame les plus sensibles.<\/p>\n<p>Appliquez quotidiennement sur des aisselles propres et s\u00e8ches.<\/p>","protected":false},"featured_media":23800,"template":"","meta":{"arc_restricted_post":false},"product_cat":[48,334],"product_tag":[],"_links":{"self":[{"href":"https:\/\/www.sopha-sahara.com\/en\/wp-json\/wp\/v2\/product\/23752"}],"collection":[{"href":"https:\/\/www.sopha-sahara.com\/en\/wp-json\/wp\/v2\/product"}],"about":[{"href":"https:\/\/www.sopha-sahara.com\/en\/wp-json\/wp\/v2\/types\/product"}],"wp:featuredmedia":[{"embeddable":true,"href":"https:\/\/www.sopha-sahara.com\/en\/wp-json\/wp\/v2\/media\/23800"}],"wp:attachment":[{"href":"https:\/\/www.sopha-sahara.com\/en\/wp-json\/wp\/v2\/media?parent=23752"}],"wp:term":[{"taxonomy":"product_cat","embeddable":true,"href":"https:\/\/www.sopha-sahara.com\/en\/wp-json\/wp\/v2\/product_cat?post=23752"},{"taxonomy":"product_tag","embeddable":true,"href":"https:\/\/www.sopha-sahara.com\/en\/wp-json\/wp\/v2\/product_tag?post=23752"}],"curies":[{"name":"wp","href":"https:\/\/api.w.org\/{rel}","templated":true}]}}