{"id":23749,"date":"2020-12-15T12:25:20","date_gmt":"2020-12-15T11:25:20","guid":{"rendered":"https:\/\/www.interbusinesschamber.com\/produit\/vichy-ideal-soleil-creme-onctueuse-perfectrice-de-peau-spf50-lait-apaisant-apres-soleil-100-ml-offert\/"},"modified":"2020-12-30T12:42:01","modified_gmt":"2020-12-30T11:42:01","slug":"vichy-ideal-soleil-creme-onctueuse-perfectrice-de-peau-spf50-lait-apaisant-apres-soleil-100-ml-offert","status":"publish","type":"product","link":"https:\/\/www.sopha-sahara.com\/en\/product\/vichy-ideal-soleil-creme-onctueuse-perfectrice-de-peau-spf50-lait-apaisant-apres-soleil-100-ml-offert\/","title":{"rendered":"VICHY IDEAL SOLEIL CR\u00c8ME ONCTUEUSE PERFECTRICE DE PEAU SPF50 + LAIT APAISANT APR\u00c8S SOLEIL 100 ML OFFERT"},"content":{"rendered":"","protected":false},"excerpt":{"rendered":"<p>La tr\u00e8s haute protection solaire qui rend la peau id\u00e9ale<br \/>Pour les femmes, \u00e0 la peau claire, normale \u00e0 s\u00e8che, \u00e0 la recherche d&rsquo;une protection solaire visage<\/p>\n<p>Appliquez la Cr\u00e8me onctueuse juste avant l&rsquo;exposition. Renouvelez fr\u00e9quemment et g\u00e9n\u00e9reusement, surtout apr\u00e8s avoir nag\u00e9, transpir\u00e9 ou vous \u00eatre essuy\u00e9<\/p>","protected":false},"featured_media":23855,"template":"","meta":{"arc_restricted_post":false},"product_cat":[48,334],"product_tag":[],"_links":{"self":[{"href":"https:\/\/www.sopha-sahara.com\/en\/wp-json\/wp\/v2\/product\/23749"}],"collection":[{"href":"https:\/\/www.sopha-sahara.com\/en\/wp-json\/wp\/v2\/product"}],"about":[{"href":"https:\/\/www.sopha-sahara.com\/en\/wp-json\/wp\/v2\/types\/product"}],"wp:featuredmedia":[{"embeddable":true,"href":"https:\/\/www.sopha-sahara.com\/en\/wp-json\/wp\/v2\/media\/23855"}],"wp:attachment":[{"href":"https:\/\/www.sopha-sahara.com\/en\/wp-json\/wp\/v2\/media?parent=23749"}],"wp:term":[{"taxonomy":"product_cat","embeddable":true,"href":"https:\/\/www.sopha-sahara.com\/en\/wp-json\/wp\/v2\/product_cat?post=23749"},{"taxonomy":"product_tag","embeddable":true,"href":"https:\/\/www.sopha-sahara.com\/en\/wp-json\/wp\/v2\/product_tag?post=23749"}],"curies":[{"name":"wp","href":"https:\/\/api.w.org\/{rel}","templated":true}]}}