{"id":23747,"date":"2020-12-15T12:25:20","date_gmt":"2020-12-15T11:25:20","guid":{"rendered":"https:\/\/www.interbusinesschamber.com\/produit\/vichy-liftactiv-supreme-soin-correction-progressive-peau-seche-50-ml\/"},"modified":"2020-12-30T12:53:13","modified_gmt":"2020-12-30T11:53:13","slug":"vichy-liftactiv-supreme-soin-correction-progressive-peau-seche-50-ml","status":"publish","type":"product","link":"https:\/\/www.sopha-sahara.com\/en\/product\/vichy-liftactiv-supreme-soin-correction-progressive-peau-seche-50-ml\/","title":{"rendered":"VICHY LIFTACTIV SUPR\u00caME SOIN CORRECTION PROGRESSIVE PEAU S\u00c8CHE 50 ML"},"content":{"rendered":"","protected":false},"excerpt":{"rendered":"<p>Le 1er lifting journalier. Correction continue des rides et fermet\u00e9, pour une peau jeune maintenant, ce soir, et demain encore plus.<br \/>Pour toutes les femmes \u00e0 la peau s\u00e8che<\/p>\n<p>Appliquer le matin sur peau propre sur l\u2019ensemble du visage de mani\u00e8re homog\u00e8ne. Si souhait\u00e9, peut aussi s\u2019appliquer deux fois par jour le matin et le soir.<\/p>","protected":false},"featured_media":23867,"template":"","meta":{"arc_restricted_post":false},"product_cat":[48,334],"product_tag":[],"_links":{"self":[{"href":"https:\/\/www.sopha-sahara.com\/en\/wp-json\/wp\/v2\/product\/23747"}],"collection":[{"href":"https:\/\/www.sopha-sahara.com\/en\/wp-json\/wp\/v2\/product"}],"about":[{"href":"https:\/\/www.sopha-sahara.com\/en\/wp-json\/wp\/v2\/types\/product"}],"wp:featuredmedia":[{"embeddable":true,"href":"https:\/\/www.sopha-sahara.com\/en\/wp-json\/wp\/v2\/media\/23867"}],"wp:attachment":[{"href":"https:\/\/www.sopha-sahara.com\/en\/wp-json\/wp\/v2\/media?parent=23747"}],"wp:term":[{"taxonomy":"product_cat","embeddable":true,"href":"https:\/\/www.sopha-sahara.com\/en\/wp-json\/wp\/v2\/product_cat?post=23747"},{"taxonomy":"product_tag","embeddable":true,"href":"https:\/\/www.sopha-sahara.com\/en\/wp-json\/wp\/v2\/product_tag?post=23747"}],"curies":[{"name":"wp","href":"https:\/\/api.w.org\/{rel}","templated":true}]}}