{"id":23746,"date":"2020-12-15T12:25:19","date_gmt":"2020-12-15T11:25:19","guid":{"rendered":"https:\/\/www.interbusinesschamber.com\/produit\/vichy-purete-thermale-solution-micellaire-3en1demaquillante-200ml\/"},"modified":"2020-12-30T14:16:06","modified_gmt":"2020-12-30T13:16:06","slug":"vichy-purete-thermale-solution-micellaire-3en1demaquillante-200ml","status":"publish","type":"product","link":"https:\/\/www.sopha-sahara.com\/en\/product\/vichy-purete-thermale-solution-micellaire-3en1demaquillante-200ml\/","title":{"rendered":"VICHY PURETE THERMALE SOLUTION MICELLAIRE 3EN1D\u00c9MAQUILLANTE 200ML"},"content":{"rendered":"","protected":false},"excerpt":{"rendered":"<p>La technologie Micellaire permet de capturer les impuret\u00e9s comme un aimant pour parfaitement nettoyer et d\u00e9maquiller les peaux sensibles sans frotter ni rincer.<br \/>Nettoy\u00e9e avec douceur, la peau sensible est parfaitement propre sans inconfort ou tiraillement.<\/p>\n<p>Auto-\u00e9valuations : 75% estiment que le produit r\u00e9duit les irritations d\u00e8s la premi\u00e8re application<\/p>\n<p>Appliquez \u00e0 l&rsquo;aide d&rsquo;un coton sur le visage et les yeux, sans rincer.<\/p>","protected":false},"featured_media":23887,"template":"","meta":{"arc_restricted_post":false},"product_cat":[48,334],"product_tag":[],"_links":{"self":[{"href":"https:\/\/www.sopha-sahara.com\/en\/wp-json\/wp\/v2\/product\/23746"}],"collection":[{"href":"https:\/\/www.sopha-sahara.com\/en\/wp-json\/wp\/v2\/product"}],"about":[{"href":"https:\/\/www.sopha-sahara.com\/en\/wp-json\/wp\/v2\/types\/product"}],"wp:featuredmedia":[{"embeddable":true,"href":"https:\/\/www.sopha-sahara.com\/en\/wp-json\/wp\/v2\/media\/23887"}],"wp:attachment":[{"href":"https:\/\/www.sopha-sahara.com\/en\/wp-json\/wp\/v2\/media?parent=23746"}],"wp:term":[{"taxonomy":"product_cat","embeddable":true,"href":"https:\/\/www.sopha-sahara.com\/en\/wp-json\/wp\/v2\/product_cat?post=23746"},{"taxonomy":"product_tag","embeddable":true,"href":"https:\/\/www.sopha-sahara.com\/en\/wp-json\/wp\/v2\/product_tag?post=23746"}],"curies":[{"name":"wp","href":"https:\/\/api.w.org\/{rel}","templated":true}]}}