{"id":23745,"date":"2020-12-15T12:25:19","date_gmt":"2020-12-15T11:25:19","guid":{"rendered":"https:\/\/www.interbusinesschamber.com\/produit\/vichy-homme-hydra-mag-c-50ml-soin-hydratant-anti-fatigue\/"},"modified":"2020-12-30T12:34:23","modified_gmt":"2020-12-30T11:34:23","slug":"vichy-homme-hydra-mag-c-50ml-soin-hydratant-anti-fatigue","status":"publish","type":"product","link":"https:\/\/www.sopha-sahara.com\/en\/product\/vichy-homme-hydra-mag-c-50ml-soin-hydratant-anti-fatigue\/","title":{"rendered":"VICHY HOMME HYDRA MAG C 50ML SOIN HYDRATANT ANTI-FATIGUE"},"content":{"rendered":"","protected":false},"excerpt":{"rendered":"<p>Le 1er soin anti-fatigue 2en1 Visage + Yeux qui tonifie la peau et r\u00e9duit les marques de fatigue. L&rsquo;association du Magn\u00e9sium, de la Vitamine C phosphorys\u00e9e et du Dextran recharge quotidiennement votre peau en \u00e9nergie, att\u00e9nue poches et cernes et aide votre \u00e9piderme \u00e0 lutter contre les agressions ext\u00e9rieures.\u00a0<br \/>Tonifi\u00e9e et hydrat\u00e9e, votre peau est jour apr\u00e8s jour plus r\u00e9sistante. Les marques de fatigue sont visiblement att\u00e9nu\u00e9es.<\/p>\n<p>Appliquez matin et\/ou soir sur le visage pr\u00e9alablement nettoy\u00e9. Peut \u00eatre utilis\u00e9 en apr\u00e8s-rasage.<\/p>","protected":false},"featured_media":23850,"template":"","meta":{"arc_restricted_post":false},"product_cat":[48,334],"product_tag":[],"_links":{"self":[{"href":"https:\/\/www.sopha-sahara.com\/en\/wp-json\/wp\/v2\/product\/23745"}],"collection":[{"href":"https:\/\/www.sopha-sahara.com\/en\/wp-json\/wp\/v2\/product"}],"about":[{"href":"https:\/\/www.sopha-sahara.com\/en\/wp-json\/wp\/v2\/types\/product"}],"wp:featuredmedia":[{"embeddable":true,"href":"https:\/\/www.sopha-sahara.com\/en\/wp-json\/wp\/v2\/media\/23850"}],"wp:attachment":[{"href":"https:\/\/www.sopha-sahara.com\/en\/wp-json\/wp\/v2\/media?parent=23745"}],"wp:term":[{"taxonomy":"product_cat","embeddable":true,"href":"https:\/\/www.sopha-sahara.com\/en\/wp-json\/wp\/v2\/product_cat?post=23745"},{"taxonomy":"product_tag","embeddable":true,"href":"https:\/\/www.sopha-sahara.com\/en\/wp-json\/wp\/v2\/product_tag?post=23745"}],"curies":[{"name":"wp","href":"https:\/\/api.w.org\/{rel}","templated":true}]}}