{"id":23743,"date":"2020-12-15T12:25:15","date_gmt":"2020-12-15T11:25:15","guid":{"rendered":"https:\/\/www.interbusinesschamber.com\/produit\/vichy-homme-gel-de-rasage-anti-irritations-150ml\/"},"modified":"2020-12-30T12:34:06","modified_gmt":"2020-12-30T11:34:06","slug":"vichy-homme-gel-de-rasage-anti-irritations-150ml","status":"publish","type":"product","link":"https:\/\/www.sopha-sahara.com\/en\/product\/vichy-homme-gel-de-rasage-anti-irritations-150ml\/","title":{"rendered":"VICHY HOMME GEL DE RASAGE ANTI-IRRITATIONS 150ML"},"content":{"rendered":"","protected":false},"excerpt":{"rendered":"<p>L&rsquo;association du Calcium, de la Vitamine C glucosyl\u00e9e et de l&rsquo;Acide salicylique pr\u00e9vient votre peau des \u00e9chauffements qui peuvent subvenir au cours du rasage. Elle pr\u00e9serve le film hydrolipidique cutan\u00e9 \u00e9vitant sensations de frottement et irritations. Votre peau est prot\u00e9g\u00e9e, hydrat\u00e9e en profondeur.<\/p>\n<p>Appliquez sur le visage humide pr\u00e9alablement nettoy\u00e9.<\/p>","protected":false},"featured_media":23849,"template":"","meta":{"arc_restricted_post":false},"product_cat":[48,334],"product_tag":[],"_links":{"self":[{"href":"https:\/\/www.sopha-sahara.com\/en\/wp-json\/wp\/v2\/product\/23743"}],"collection":[{"href":"https:\/\/www.sopha-sahara.com\/en\/wp-json\/wp\/v2\/product"}],"about":[{"href":"https:\/\/www.sopha-sahara.com\/en\/wp-json\/wp\/v2\/types\/product"}],"wp:featuredmedia":[{"embeddable":true,"href":"https:\/\/www.sopha-sahara.com\/en\/wp-json\/wp\/v2\/media\/23849"}],"wp:attachment":[{"href":"https:\/\/www.sopha-sahara.com\/en\/wp-json\/wp\/v2\/media?parent=23743"}],"wp:term":[{"taxonomy":"product_cat","embeddable":true,"href":"https:\/\/www.sopha-sahara.com\/en\/wp-json\/wp\/v2\/product_cat?post=23743"},{"taxonomy":"product_tag","embeddable":true,"href":"https:\/\/www.sopha-sahara.com\/en\/wp-json\/wp\/v2\/product_tag?post=23743"}],"curies":[{"name":"wp","href":"https:\/\/api.w.org\/{rel}","templated":true}]}}