{"id":23742,"date":"2020-12-15T12:25:15","date_gmt":"2020-12-15T11:25:15","guid":{"rendered":"https:\/\/www.interbusinesschamber.com\/produit\/vichy-homme-deodorant-anti-transpirant-72h-roll-on-50ml\/"},"modified":"2020-12-30T12:33:09","modified_gmt":"2020-12-30T11:33:09","slug":"vichy-homme-deodorant-anti-transpirant-72h-roll-on-50ml","status":"publish","type":"product","link":"https:\/\/www.sopha-sahara.com\/en\/product\/vichy-homme-deodorant-anti-transpirant-72h-roll-on-50ml\/","title":{"rendered":"VICHY HOMME DEODORANT ANTI-TRANSPIRANT 72H ROLL-ON 50ML"},"content":{"rendered":"<h4><strong>Efficacit\u00e9<\/strong><\/h4>\n<p>Sa formule, riche en Actifs anti-transpirants et en Min\u00e9raux ultra-absorbants, r\u00e9gule la transpiration et l'humidit\u00e9 pendant 72h.<\/p>\n<p>Votre peau est confortable sans effet collant ni sensation d'irritation tout au long de la journ\u00e9e et plus encore.<\/p>\n<h4><strong>Tol\u00e9rance<\/strong><\/h4>\n<p>Tol\u00e9rance optimale : non irritant, non sensibilisant.<\/p>\n<p>Sans alcool et SANS PARABEN.<\/p>\n<h4><strong>Plaisir<\/strong><\/h4>\n<p>Une fra\u00eecheur tr\u00e8s longue dur\u00e9e et une nouvelle texture \u00e0 s\u00e9chage rapide qui laisse votre peau confortable sans effet collant.<\/p>\n<h4><strong>Conseils d'utilisation :<\/strong><\/h4>\n<p>Appliquez sur des aisselles propres et s\u00e8ches.<\/p>\n<p>Efficacit\u00e9 anti-transpirant 72H*. Laisse la peau confortable sans effet collant. Tol\u00e9rance optimale : non irritant, non sensibilisant.<\/p>\n<p>*Test instrumental.<\/p>","protected":false},"excerpt":{"rendered":"<p>\u00a0Pour les hommes qui recherchent une efficacit\u00e9 d\u00e9odorante et anti-transpirante tr\u00e8s longue dur\u00e9e en toutes situations. Le D\u00e9odorant anti-transpirant 72H contr\u00f4le extr\u00eame.<\/p>","protected":false},"featured_media":23848,"template":"","meta":{"arc_restricted_post":false},"product_cat":[48,334],"product_tag":[],"_links":{"self":[{"href":"https:\/\/www.sopha-sahara.com\/en\/wp-json\/wp\/v2\/product\/23742"}],"collection":[{"href":"https:\/\/www.sopha-sahara.com\/en\/wp-json\/wp\/v2\/product"}],"about":[{"href":"https:\/\/www.sopha-sahara.com\/en\/wp-json\/wp\/v2\/types\/product"}],"wp:featuredmedia":[{"embeddable":true,"href":"https:\/\/www.sopha-sahara.com\/en\/wp-json\/wp\/v2\/media\/23848"}],"wp:attachment":[{"href":"https:\/\/www.sopha-sahara.com\/en\/wp-json\/wp\/v2\/media?parent=23742"}],"wp:term":[{"taxonomy":"product_cat","embeddable":true,"href":"https:\/\/www.sopha-sahara.com\/en\/wp-json\/wp\/v2\/product_cat?post=23742"},{"taxonomy":"product_tag","embeddable":true,"href":"https:\/\/www.sopha-sahara.com\/en\/wp-json\/wp\/v2\/product_tag?post=23742"}],"curies":[{"name":"wp","href":"https:\/\/api.w.org\/{rel}","templated":true}]}}