{"id":23741,"date":"2020-12-15T12:25:15","date_gmt":"2020-12-15T11:25:15","guid":{"rendered":"https:\/\/www.interbusinesschamber.com\/produit\/vichy-homme-sensi-baume-mineral-ca-75ml\/"},"modified":"2020-12-30T12:34:54","modified_gmt":"2020-12-30T11:34:54","slug":"vichy-homme-sensi-baume-mineral-ca-75ml","status":"publish","type":"product","link":"https:\/\/www.sopha-sahara.com\/en\/product\/vichy-homme-sensi-baume-mineral-ca-75ml\/","title":{"rendered":"VICHY HOMME SENSI-BAUME MINERAL CA 75ML"},"content":{"rendered":"","protected":false},"excerpt":{"rendered":"<p>Ce soin apr\u00e8s-rasage r\u00e9unit la puissance de l\u2019Eau Thermale fortifiante riche en min\u00e9raux et l&rsquo;apaisement du Calcium dermo-r\u00e9parateur qui offre \u00e0 votre peau une double action peau sensible :<br \/>1. Apaisement SOS imm\u00e9diat.<br \/>2. Fortification rasage apr\u00e8s rasage.<br \/>Votre peau est fortifi\u00e9e, moins r\u00e9active aux agressions du rasoir.<\/p>\n<p>Vaporisez sur des aisselles propres et s\u00e8ches.<\/p>","protected":false},"featured_media":23852,"template":"","meta":{"arc_restricted_post":false},"product_cat":[48,334],"product_tag":[],"_links":{"self":[{"href":"https:\/\/www.sopha-sahara.com\/en\/wp-json\/wp\/v2\/product\/23741"}],"collection":[{"href":"https:\/\/www.sopha-sahara.com\/en\/wp-json\/wp\/v2\/product"}],"about":[{"href":"https:\/\/www.sopha-sahara.com\/en\/wp-json\/wp\/v2\/types\/product"}],"wp:featuredmedia":[{"embeddable":true,"href":"https:\/\/www.sopha-sahara.com\/en\/wp-json\/wp\/v2\/media\/23852"}],"wp:attachment":[{"href":"https:\/\/www.sopha-sahara.com\/en\/wp-json\/wp\/v2\/media?parent=23741"}],"wp:term":[{"taxonomy":"product_cat","embeddable":true,"href":"https:\/\/www.sopha-sahara.com\/en\/wp-json\/wp\/v2\/product_cat?post=23741"},{"taxonomy":"product_tag","embeddable":true,"href":"https:\/\/www.sopha-sahara.com\/en\/wp-json\/wp\/v2\/product_tag?post=23741"}],"curies":[{"name":"wp","href":"https:\/\/api.w.org\/{rel}","templated":true}]}}