{"id":23740,"date":"2020-12-15T12:25:15","date_gmt":"2020-12-15T11:25:15","guid":{"rendered":"https:\/\/www.interbusinesschamber.com\/produit\/vichy-deodorant-traitement-anti-transpirant-creme-30ml-7-jours\/"},"modified":"2020-12-30T11:41:51","modified_gmt":"2020-12-30T10:41:51","slug":"vichy-deodorant-traitement-anti-transpirant-creme-30ml-7-jours","status":"publish","type":"product","link":"https:\/\/www.sopha-sahara.com\/en\/product\/vichy-deodorant-traitement-anti-transpirant-creme-30ml-7-jours\/","title":{"rendered":"VICHY DEODORANT TRAITEMENT ANTI-TRANSPIRANT CREME 30ML 7 JOURS"},"content":{"rendered":"","protected":false},"excerpt":{"rendered":"<p>L&rsquo;efficacit\u00e9 anti-transpirante tr\u00e8s longue dur\u00e9e.<br \/>Ses Actifs anti-transpirants micro-affin\u00e9s permettent une action encore plus cibl\u00e9e au c\u0153ur des pores sudoraux pour une protection \u00e0 toute \u00e9preuve pendant 7 jours.<\/p>\n<p>Appliquez la cr\u00e8me sur des aisselles propres et s\u00e8ches.<\/p>","protected":false},"featured_media":23801,"template":"","meta":{"arc_restricted_post":false},"product_cat":[48,334],"product_tag":[],"_links":{"self":[{"href":"https:\/\/www.sopha-sahara.com\/en\/wp-json\/wp\/v2\/product\/23740"}],"collection":[{"href":"https:\/\/www.sopha-sahara.com\/en\/wp-json\/wp\/v2\/product"}],"about":[{"href":"https:\/\/www.sopha-sahara.com\/en\/wp-json\/wp\/v2\/types\/product"}],"wp:featuredmedia":[{"embeddable":true,"href":"https:\/\/www.sopha-sahara.com\/en\/wp-json\/wp\/v2\/media\/23801"}],"wp:attachment":[{"href":"https:\/\/www.sopha-sahara.com\/en\/wp-json\/wp\/v2\/media?parent=23740"}],"wp:term":[{"taxonomy":"product_cat","embeddable":true,"href":"https:\/\/www.sopha-sahara.com\/en\/wp-json\/wp\/v2\/product_cat?post=23740"},{"taxonomy":"product_tag","embeddable":true,"href":"https:\/\/www.sopha-sahara.com\/en\/wp-json\/wp\/v2\/product_tag?post=23740"}],"curies":[{"name":"wp","href":"https:\/\/api.w.org\/{rel}","templated":true}]}}