{"id":23739,"date":"2020-12-15T12:25:15","date_gmt":"2020-12-15T11:25:15","guid":{"rendered":"https:\/\/www.interbusinesschamber.com\/produit\/vichy-deodorant-anti-transpirant-48h-roll-on-50ml\/"},"modified":"2020-12-30T11:39:53","modified_gmt":"2020-12-30T10:39:53","slug":"vichy-deodorant-anti-transpirant-48h-roll-on-50ml","status":"publish","type":"product","link":"https:\/\/www.sopha-sahara.com\/en\/product\/vichy-deodorant-anti-transpirant-48h-roll-on-50ml\/","title":{"rendered":"VICHY DEODORANT ANTI-TRANSPIRANT 48H ROLL-ON 50ML"},"content":{"rendered":"","protected":false},"excerpt":{"rendered":"<p>L&rsquo;efficacit\u00e9 anti-transpirante longue dur\u00e9e sans inconfort pour la peau.<br \/>Ses Actifs anti-transpirants micro-affin\u00e9s permettent une action encore plus cibl\u00e9e au c\u0153ur des pores sudoraux pendant 48h.<\/p>\n<p>Appliquez quotidiennement sur des aisselles propres et s\u00e8ches.<\/p>","protected":false},"featured_media":23798,"template":"","meta":{"arc_restricted_post":false},"product_cat":[48,334],"product_tag":[],"_links":{"self":[{"href":"https:\/\/www.sopha-sahara.com\/en\/wp-json\/wp\/v2\/product\/23739"}],"collection":[{"href":"https:\/\/www.sopha-sahara.com\/en\/wp-json\/wp\/v2\/product"}],"about":[{"href":"https:\/\/www.sopha-sahara.com\/en\/wp-json\/wp\/v2\/types\/product"}],"wp:featuredmedia":[{"embeddable":true,"href":"https:\/\/www.sopha-sahara.com\/en\/wp-json\/wp\/v2\/media\/23798"}],"wp:attachment":[{"href":"https:\/\/www.sopha-sahara.com\/en\/wp-json\/wp\/v2\/media?parent=23739"}],"wp:term":[{"taxonomy":"product_cat","embeddable":true,"href":"https:\/\/www.sopha-sahara.com\/en\/wp-json\/wp\/v2\/product_cat?post=23739"},{"taxonomy":"product_tag","embeddable":true,"href":"https:\/\/www.sopha-sahara.com\/en\/wp-json\/wp\/v2\/product_tag?post=23739"}],"curies":[{"name":"wp","href":"https:\/\/api.w.org\/{rel}","templated":true}]}}