{"id":23738,"date":"2020-12-15T12:25:15","date_gmt":"2020-12-15T11:25:15","guid":{"rendered":"https:\/\/www.interbusinesschamber.com\/produit\/vichy-deodorant-anti-transpirant-48h-aerosol-125ml-anti-traces-jaunes-et-blanches\/"},"modified":"2020-12-30T11:38:35","modified_gmt":"2020-12-30T10:38:35","slug":"vichy-deodorant-anti-transpirant-48h-aerosol-125ml-anti-traces-jaunes-et-blanches","status":"publish","type":"product","link":"https:\/\/www.sopha-sahara.com\/en\/product\/vichy-deodorant-anti-transpirant-48h-aerosol-125ml-anti-traces-jaunes-et-blanches\/","title":{"rendered":"VICHY DEODORANT ANTI-TRANSPIRANT 48H AEROSOL 125ML ANTI-TRACES JAUNES ET BLANCHES"},"content":{"rendered":"","protected":false},"excerpt":{"rendered":"<p>Transpiration intense &#8211; Anti-traces 48H. Pr\u00e9vient l&rsquo;apparition des traces jaunes sur les textiles clairs et des r\u00e9sidus qui peuvent les rigidifier. Anti-traces blanches sur les textiles fonc\u00e9s. 48h de Protection anti-transpirante.<\/p>\n<p>Vaporisez quotidiennement sur des aisselles propres et s\u00e8ches.<\/p>","protected":false},"featured_media":23796,"template":"","meta":{"arc_restricted_post":false},"product_cat":[48,334],"product_tag":[],"_links":{"self":[{"href":"https:\/\/www.sopha-sahara.com\/en\/wp-json\/wp\/v2\/product\/23738"}],"collection":[{"href":"https:\/\/www.sopha-sahara.com\/en\/wp-json\/wp\/v2\/product"}],"about":[{"href":"https:\/\/www.sopha-sahara.com\/en\/wp-json\/wp\/v2\/types\/product"}],"wp:featuredmedia":[{"embeddable":true,"href":"https:\/\/www.sopha-sahara.com\/en\/wp-json\/wp\/v2\/media\/23796"}],"wp:attachment":[{"href":"https:\/\/www.sopha-sahara.com\/en\/wp-json\/wp\/v2\/media?parent=23738"}],"wp:term":[{"taxonomy":"product_cat","embeddable":true,"href":"https:\/\/www.sopha-sahara.com\/en\/wp-json\/wp\/v2\/product_cat?post=23738"},{"taxonomy":"product_tag","embeddable":true,"href":"https:\/\/www.sopha-sahara.com\/en\/wp-json\/wp\/v2\/product_tag?post=23738"}],"curies":[{"name":"wp","href":"https:\/\/api.w.org\/{rel}","templated":true}]}}