{"id":23736,"date":"2020-12-15T12:25:14","date_gmt":"2020-12-15T11:25:14","guid":{"rendered":"https:\/\/www.interbusinesschamber.com\/produit\/vichy-dercos-shampooing-traitant-sebo-correcteur-200ml\/"},"modified":"2020-12-30T12:16:04","modified_gmt":"2020-12-30T11:16:04","slug":"vichy-dercos-shampooing-traitant-sebo-correcteur-200ml","status":"publish","type":"product","link":"https:\/\/www.sopha-sahara.com\/en\/product\/vichy-dercos-shampooing-traitant-sebo-correcteur-200ml\/","title":{"rendered":"VICHY DERCOS SHAMPOOING TRAITANT SEBO-CORRECTEUR 200ML"},"content":{"rendered":"","protected":false},"excerpt":{"rendered":"<p>Son complexe Anti-S\u00e9bum provient de l&rsquo;association exclusive de 4 tensio-actifs sp\u00e9cifiquement s\u00e9lectionn\u00e9s et justement dos\u00e9s pour limiter la migration de s\u00e9bum sur la fibre capillaire et ainsi pr\u00e9server l&rsquo;int\u00e9grit\u00e9 du cuir chevelu et retarder le graissage.<br \/>Retrouvez des cheveux l\u00e9gers, faciles \u00e0 coiffer.<br \/>Des cheveux plus l\u00e9gers avec plus de volume.<\/p>\n<p>\u00c0 utiliser comme votre shampooing habituel en cure de 4 semaines.<\/p>","protected":false},"featured_media":25907,"template":"","meta":{"arc_restricted_post":false},"product_cat":[48,334],"product_tag":[],"_links":{"self":[{"href":"https:\/\/www.sopha-sahara.com\/en\/wp-json\/wp\/v2\/product\/23736"}],"collection":[{"href":"https:\/\/www.sopha-sahara.com\/en\/wp-json\/wp\/v2\/product"}],"about":[{"href":"https:\/\/www.sopha-sahara.com\/en\/wp-json\/wp\/v2\/types\/product"}],"wp:featuredmedia":[{"embeddable":true,"href":"https:\/\/www.sopha-sahara.com\/en\/wp-json\/wp\/v2\/media\/25907"}],"wp:attachment":[{"href":"https:\/\/www.sopha-sahara.com\/en\/wp-json\/wp\/v2\/media?parent=23736"}],"wp:term":[{"taxonomy":"product_cat","embeddable":true,"href":"https:\/\/www.sopha-sahara.com\/en\/wp-json\/wp\/v2\/product_cat?post=23736"},{"taxonomy":"product_tag","embeddable":true,"href":"https:\/\/www.sopha-sahara.com\/en\/wp-json\/wp\/v2\/product_tag?post=23736"}],"curies":[{"name":"wp","href":"https:\/\/api.w.org\/{rel}","templated":true}]}}