{"id":23735,"date":"2020-12-15T12:25:14","date_gmt":"2020-12-15T11:25:14","guid":{"rendered":"https:\/\/www.interbusinesschamber.com\/produit\/vichy-dercos-shampooing-traitant-anti-pelliculaire-200ml-cheveux-secs\/"},"modified":"2020-12-30T12:15:12","modified_gmt":"2020-12-30T11:15:12","slug":"vichy-dercos-shampooing-traitant-anti-pelliculaire-200ml-cheveux-secs","status":"publish","type":"product","link":"https:\/\/www.sopha-sahara.com\/en\/product\/vichy-dercos-shampooing-traitant-anti-pelliculaire-200ml-cheveux-secs\/","title":{"rendered":"VICHY DERCOS SHAMPOOING TRAITANT ANTI-PELLICULAIRE 200ML CHEVEUX SECS"},"content":{"rendered":"","protected":false},"excerpt":{"rendered":"<p>Technologie microbiome au s\u00e9lenium DS* prouv\u00e9e pour \u00e9quilibrer le microbiome du cuir chevelu (micro-organismes naturellement pr\u00e9sents sur la peau).<br \/>Le cuir chevelu retrouve toute sa sant\u00e9 : pellicules \u00e9limin\u00e9es, desquamation r\u00e9gul\u00e9e.<\/p>\n<p>Efficacit\u00e9 plebiscit\u00e9e par les consommateurs:<br \/>&#8211; Offre une efficacit\u00e9 visible et imm\u00e9diate: 96%<br \/>&#8211; Pr\u00e9vient la r\u00e9apparition des pellicules: 92%<br \/>&#8211; Soulage le cuir chevelu: 97%<br \/>&#8211; Parait plus efficace contre les pellicules que les autres traitements connus: 91%<\/p>\n<p>Lors de la 1\u00e8re application, laisser poser 2 minutes, puis rincer. Aux shampooings suivants, masser puis rincer &#8211; en cure de 4 semaines.<br \/>En cas de contact avec les yeux, les rincer imm\u00e9diatement.<\/p>","protected":false},"featured_media":25906,"template":"","meta":{"arc_restricted_post":false},"product_cat":[48,334],"product_tag":[],"_links":{"self":[{"href":"https:\/\/www.sopha-sahara.com\/en\/wp-json\/wp\/v2\/product\/23735"}],"collection":[{"href":"https:\/\/www.sopha-sahara.com\/en\/wp-json\/wp\/v2\/product"}],"about":[{"href":"https:\/\/www.sopha-sahara.com\/en\/wp-json\/wp\/v2\/types\/product"}],"wp:featuredmedia":[{"embeddable":true,"href":"https:\/\/www.sopha-sahara.com\/en\/wp-json\/wp\/v2\/media\/25906"}],"wp:attachment":[{"href":"https:\/\/www.sopha-sahara.com\/en\/wp-json\/wp\/v2\/media?parent=23735"}],"wp:term":[{"taxonomy":"product_cat","embeddable":true,"href":"https:\/\/www.sopha-sahara.com\/en\/wp-json\/wp\/v2\/product_cat?post=23735"},{"taxonomy":"product_tag","embeddable":true,"href":"https:\/\/www.sopha-sahara.com\/en\/wp-json\/wp\/v2\/product_tag?post=23735"}],"curies":[{"name":"wp","href":"https:\/\/api.w.org\/{rel}","templated":true}]}}