{"id":23734,"date":"2020-12-15T12:25:14","date_gmt":"2020-12-15T11:25:14","guid":{"rendered":"https:\/\/www.interbusinesschamber.com\/produit\/vichy-dercos-shampooing-traitant-anti-pelliculaire-200ml-cheveux-gras\/"},"modified":"2020-12-30T12:14:18","modified_gmt":"2020-12-30T11:14:18","slug":"vichy-dercos-shampooing-traitant-anti-pelliculaire-200ml-cheveux-gras","status":"publish","type":"product","link":"https:\/\/www.sopha-sahara.com\/en\/product\/vichy-dercos-shampooing-traitant-anti-pelliculaire-200ml-cheveux-gras\/","title":{"rendered":"VICHY DERCOS SHAMPOOING TRAITANT ANTI-PELLICULAIRE 200ML CHEVEUX GRAS"},"content":{"rendered":"","protected":false},"excerpt":{"rendered":"<p>Anti-pelliculaire Nutritif &#8211; Shampooing cheveux gras. Une double efficacit\u00e9 contre les pellicules et leur r\u00e9apparition.<\/p>\n<p>Ce shampooing peut \u00eatre utilis\u00e9 fr\u00e9quemment.<\/p>","protected":false},"featured_media":25905,"template":"","meta":{"arc_restricted_post":false},"product_cat":[48,334],"product_tag":[],"_links":{"self":[{"href":"https:\/\/www.sopha-sahara.com\/en\/wp-json\/wp\/v2\/product\/23734"}],"collection":[{"href":"https:\/\/www.sopha-sahara.com\/en\/wp-json\/wp\/v2\/product"}],"about":[{"href":"https:\/\/www.sopha-sahara.com\/en\/wp-json\/wp\/v2\/types\/product"}],"wp:featuredmedia":[{"embeddable":true,"href":"https:\/\/www.sopha-sahara.com\/en\/wp-json\/wp\/v2\/media\/25905"}],"wp:attachment":[{"href":"https:\/\/www.sopha-sahara.com\/en\/wp-json\/wp\/v2\/media?parent=23734"}],"wp:term":[{"taxonomy":"product_cat","embeddable":true,"href":"https:\/\/www.sopha-sahara.com\/en\/wp-json\/wp\/v2\/product_cat?post=23734"},{"taxonomy":"product_tag","embeddable":true,"href":"https:\/\/www.sopha-sahara.com\/en\/wp-json\/wp\/v2\/product_tag?post=23734"}],"curies":[{"name":"wp","href":"https:\/\/api.w.org\/{rel}","templated":true}]}}