{"id":23733,"date":"2020-12-15T12:25:13","date_gmt":"2020-12-15T11:25:13","guid":{"rendered":"https:\/\/www.interbusinesschamber.com\/produit\/vichy-dercos-shampooing-anti-pelliculaire-sensitive-200ml\/"},"modified":"2020-12-30T12:02:55","modified_gmt":"2020-12-30T11:02:55","slug":"vichy-dercos-shampooing-anti-pelliculaire-sensitive-200ml","status":"publish","type":"product","link":"https:\/\/www.sopha-sahara.com\/en\/product\/vichy-dercos-shampooing-anti-pelliculaire-sensitive-200ml\/","title":{"rendered":"VICHY DERCOS SHAMPOOING ANTI-PELLICULAIRE SENSITIVE 200ML"},"content":{"rendered":"","protected":false},"excerpt":{"rendered":"<p>Anti-pelliculaire &#8211; Cuir chevelu sensible. Une double efficacit\u00e9 contre les pellicules sur l&rsquo;inconfort du cuir chevelu.<\/p>\n<p>Ce shampooing peut \u00eatre utilis\u00e9 fr\u00e9quemment.<\/p>","protected":false},"featured_media":25903,"template":"","meta":{"arc_restricted_post":false},"product_cat":[48,334],"product_tag":[],"_links":{"self":[{"href":"https:\/\/www.sopha-sahara.com\/en\/wp-json\/wp\/v2\/product\/23733"}],"collection":[{"href":"https:\/\/www.sopha-sahara.com\/en\/wp-json\/wp\/v2\/product"}],"about":[{"href":"https:\/\/www.sopha-sahara.com\/en\/wp-json\/wp\/v2\/types\/product"}],"wp:featuredmedia":[{"embeddable":true,"href":"https:\/\/www.sopha-sahara.com\/en\/wp-json\/wp\/v2\/media\/25903"}],"wp:attachment":[{"href":"https:\/\/www.sopha-sahara.com\/en\/wp-json\/wp\/v2\/media?parent=23733"}],"wp:term":[{"taxonomy":"product_cat","embeddable":true,"href":"https:\/\/www.sopha-sahara.com\/en\/wp-json\/wp\/v2\/product_cat?post=23733"},{"taxonomy":"product_tag","embeddable":true,"href":"https:\/\/www.sopha-sahara.com\/en\/wp-json\/wp\/v2\/product_tag?post=23733"}],"curies":[{"name":"wp","href":"https:\/\/api.w.org\/{rel}","templated":true}]}}